{"id":106,"date":"2016-04-06T23:02:48","date_gmt":"2016-04-06T21:02:48","guid":{"rendered":"http:\/\/www.viennaumzug.at\/umzug\/?page_id=106"},"modified":"2026-02-06T00:25:06","modified_gmt":"2026-02-05T23:25:06","slug":"firmenumzug-bueroumzug","status":"publish","type":"page","link":"https:\/\/www.viennaumzug.at\/umzug\/firmenumzug-bueroumzug\/","title":{"rendered":"Firmenumzug und B\u00fcroumzug"},"content":{"rendered":"<p><img loading=\"lazy\" class=\"aligncenter size-full wp-image-111\" src=\"http:\/\/www.viennaumzug.at\/umzug\/wp-content\/uploads\/2016\/04\/viennaumzug-firmenumzug.jpg\" alt=\"Firmenumzug mit ViennaUmzug in Wien\" width=\"1280\" height=\"450\" srcset=\"https:\/\/www.viennaumzug.at\/umzug\/wp-content\/uploads\/2016\/04\/viennaumzug-firmenumzug.jpg 1280w, https:\/\/www.viennaumzug.at\/umzug\/wp-content\/uploads\/2016\/04\/viennaumzug-firmenumzug-300x105.jpg 300w, https:\/\/www.viennaumzug.at\/umzug\/wp-content\/uploads\/2016\/04\/viennaumzug-firmenumzug-1024x360.jpg 1024w, https:\/\/www.viennaumzug.at\/umzug\/wp-content\/uploads\/2016\/04\/viennaumzug-firmenumzug-768x270.jpg 768w\" sizes=\"(max-width: 1280px) 100vw, 1280px\" \/><\/p>\n<div id=\"infotext\">\n<h1>Wir sorgen f\u00fcr einen reibungslosen und professionellen Firmenumzug in Wien<\/h1>\n<p>Steht bei Ihnen ein <strong>Firmenumzug in Wien<\/strong> bevor und Sie m\u00f6chten den gesamten Ablauf professionell, schnell und ohne Unterbrechungen Ihres Betriebs organisieren lassen, sind wir Ihr zuverl\u00e4ssiger Partner. Eine Firmen\u00fcbersiedlung ist eine anspruchsvolle logistische Aufgabe, die pr\u00e4zise Planung, Erfahrung und ein geschultes Team erfordert. Nur mit echter Expertise vermeiden Sie Verz\u00f6gerungen, unerwartete Probleme und unn\u00f6tige Kosten, die bei einem schlecht organisierten B\u00fcroumzug schnell entstehen k\u00f6nnen. Verlassen Sie sich deshalb auf unsere professionelle Umzugsfirma f\u00fcr Unternehmen in Wien und sichern Sie sich einen reibungslosen, effizienten und termingerechten Ablauf Ihres <strong>Firmenumzugs<\/strong>.<\/p>\n<p>Damit Ihr Firmenumzug in Wien effizient, schnell und ohne unn\u00f6tige Unterbrechungen abl\u00e4uft, sollten Sie fr\u00fchzeitig Kontakt mit uns aufnehmen. Ein Vorlauf von ein bis zwei Monaten erm\u00f6glicht eine optimale Planung und gibt sowohl Mitarbeitern als auch Verantwortlichen gen\u00fcgend Zeit, sich auf die bevorstehenden Ver\u00e4nderungen einzustellen. Jeder <strong>Firmenumzug<\/strong> ist individuell und bringt je nach Unternehmensgr\u00f6\u00dfe unterschiedliche Herausforderungen mit sich. Ob umfangreiches Archiv, schwere Maschinen oder empfindliche technische Ger\u00e4te \u2013 dank unserer langj\u00e4hrigen Erfahrung wissen wir genau, worauf es beim sicheren Transport anspruchsvoller Objekte ankommt. Unsere professionelle Umzugsfirma f\u00fcr Unternehmen in Wien sorgt daf\u00fcr, dass Ihr <strong>Betriebsumzug<\/strong> reibungslos und termingerecht durchgef\u00fchrt wird.<\/p>\n<div class=\"hrule clearfix\"><\/div>\n<div class=\"row\"> <div class=\"col-md-6\">\n<h5><span style=\"color: #ff0000; font-family: arial, helvetica, sans-serif;\">TEAM B<\/span><\/h5>\n<table class=\"table table-responsive table-striped\">\n<tbody>\n<tr>\n<td><span style=\"color: #03a1fc; font-size: 12pt;\"><span style=\"font-family: arial, helvetica, sans-serif;\"><span style=\"font-family: arial, helvetica, sans-serif;\"><strong>&#8220;Standard&#8221; 3 M\u00f6belpacker + LKW<\/strong><\/span><\/span><\/span><\/td>\n<td style=\"text-align: right;\"><span style=\"color: #03a1fc; font-size: 14pt; font-family: arial, helvetica, sans-serif;\"><b>80\u20ac Std.*<\/b><\/span><\/td>\n<\/tr>\n<tr>\n<td><span style=\"font-family: arial, helvetica, sans-serif; font-size: 10pt; color: #808080;\"><b><b>Demontage und Montage<\/b><\/b><\/span><\/td>\n<td style=\"text-align: right;\"><span style=\"font-size: 10pt; font-family: arial, helvetica, sans-serif; color: #808080;\"><strong><b>Versicherung<\/b><\/strong><\/span><\/td>\n<\/tr>\n<tr>\n<td><span style=\"font-size: 10pt; font-family: arial, helvetica, sans-serif; color: #808080;\"><strong><strong>An.-Abfahrtskosten in Raum von Wien<\/strong><\/strong><\/span><\/td>\n<td style=\"text-align: right;\"><span style=\"font-size: 10pt; font-family: arial, helvetica, sans-serif; color: #808080;\"><strong><strong>Diesel und Kilometer inkl.<\/strong><\/strong><\/span><\/td>\n<\/tr>\n<tr>\n<td><span style=\"font-family: arial, helvetica, sans-serif; font-size: 10pt; color: #808080;\"><b><b>Kein\u00a0<\/b><b>Wochenendzuschlag.<\/b><\/b><\/span><\/td>\n<td style=\"text-align: right;\"><span style=\"font-size: 10pt; font-family: arial, helvetica, sans-serif; color: #808080;\"><strong>kein Stockwerk Zuschlag<\/strong><\/span><\/td>\n<\/tr>\n<\/tbody>\n<\/table>\n<\/div><div class=\"col-md-6\">\n<h5><span style=\"color: #ff0000; font-family: arial, helvetica, sans-serif;\">TEAM C<\/span><\/h5>\n<table class=\"table table-responsive table-striped\">\n<tbody>\n<tr>\n<td><span style=\"color: #03a1fc; font-size: 12pt;\"><span style=\"font-family: arial, helvetica, sans-serif;\"><span style=\"font-family: arial, helvetica, sans-serif;\"><strong>&#8220;Profi&#8221; 4 M\u00f6belpacker + LKWs<\/strong><\/span><\/span><\/span><\/td>\n<td style=\"text-align: right;\"><span style=\"color: #03a1fc; font-size: 14pt; font-family: arial, helvetica, sans-serif;\"><b>120\u20ac Std.*<\/b><\/span><\/td>\n<\/tr>\n<tr>\n<td><span style=\"font-family: arial, helvetica, sans-serif; font-size: 10pt; color: #808080;\"><b><b>Demontage und Montage<\/b><\/b><\/span><\/td>\n<td style=\"text-align: right;\"><span style=\"font-size: 10pt; font-family: arial, helvetica, sans-serif; color: #808080;\"><strong><b>Versicherung<\/b><\/strong><\/span><\/td>\n<\/tr>\n<tr>\n<td><span style=\"font-size: 10pt; font-family: arial, helvetica, sans-serif; color: #808080;\"><strong><strong>An.-Abfahrtskosten in Raum von Wien<\/strong><\/strong><\/span><\/td>\n<td style=\"text-align: right;\"><span style=\"font-size: 10pt; font-family: arial, helvetica, sans-serif; color: #808080;\"><strong><strong>Diesel und Kilometer inkl.<\/strong><\/strong><\/span><\/td>\n<\/tr>\n<tr>\n<td><span style=\"font-family: arial, helvetica, sans-serif; font-size: 10pt; color: #808080;\"><b><b>Kein\u00a0<\/b><b>Wochenendzuschlag.<\/b><\/b><\/span><\/td>\n<td style=\"text-align: right;\"><span style=\"font-size: 10pt; font-family: arial, helvetica, sans-serif; color: #808080;\"><strong>kein Stockwerk Zuschlag<\/strong><\/span><\/td>\n<\/tr>\n<\/tbody>\n<\/table>\n<\/div><\/div>\n<ul>\n<li><span style=\"font-size: 9pt; font-family: arial, helvetica, sans-serif;\">*Firmenpreise sind exkl. 20% MwSt<\/span><\/li>\n<li><span style=\"font-size: 9pt; font-family: arial, helvetica, sans-serif;\">*2 Stunden Mindestbuchungszeit<\/span><\/li>\n<\/ul>\n<hr \/>\n<h2>Ihr Firmenumzug in Wien \u2013 bei uns in den besten H\u00e4nden<\/h2>\n<p>Unabh\u00e4ngig davon, ob es sich um ein kleines oder gro\u00dfes Unternehmen handelt \u2013 f\u00fcr einen reibungslosen Ablauf Ihres Firmenumzugs sollten Sie auf ein erfahrenes Umzugsunternehmen setzen. Unsere geschulten M\u00f6belpacker \u00fcbernehmen auch kleinere B\u00fcroumz\u00fcge zuverl\u00e4ssig und mit gr\u00f6\u00dfter Sorgfalt. Z\u00f6gern Sie daher nicht, uns f\u00fcr ein erstes Beratungsgespr\u00e4ch zu kontaktieren. Wir beantworten Ihre Fragen und geben Ihnen hilfreiche Tipps f\u00fcr die optimale Vorbereitung. Gerade wenn an Ihrem alten oder neuen Standort nur begrenzte Parkfl\u00e4chen vorhanden sind, kann es sinnvoll sein, rechtzeitig ein <a href=\"https:\/\/www.viennaumzug.at\/umzug\/preisliste-umzug-uebersiedlung\/\">Halteverbot zu organisieren<\/a>. So vermeiden Sie Verz\u00f6gerungen und sorgen f\u00fcr einen strukturierten Ablauf. \u00dcberlassen Sie den Erfolg Ihres Umzugs nicht dem Zufall und senden Sie uns Ihre Anfrage \u2013 Sie erhalten von uns ein unverbindliches Angebot, das Sie in Ruhe pr\u00fcfen k\u00f6nnen.<\/p>\n<\/div>\n<hr \/>\n<p style=\"text-align: center;\"><span style=\"color: #808080;\"><span style=\"font-size: 12pt;\">JETZT UMZUG-ANFRAGE STARTEN UND EIN UNVERBINDLICHES ANGEBOT ERHALTEN. \u00a0<\/span><span style=\"font-size: 12pt;\">NAT\u00dcRLICH K\u00d6NNEN SIE DIE ANFRAGE <\/span><\/span><\/p>\n<p style=\"text-align: center;\"><span style=\"color: #808080; font-size: 12pt;\">AUCH DIREKT BEI UNS PER TELEFON T\u00c4TIGEN.<\/span><\/p>\n<p style=\"text-align: center;\"><span style=\"font-size: 12pt; color: #808080;\"><strong>BERATUNGSTELEFON: MO\u2013FR 08.00\u201318.00 UHR, SA 08.00\u201313.00 UHR:\u00a001 990 27 30<\/strong><\/span><\/p>\n<hr \/>\n<p style=\"text-align: center;\"><div class=\"row\"> <div class=\"col-md-4\">\n<p style=\"text-align: center;\"><a href=\"http:\/\/www.viennaumzug.at\/umzug\/anfrageumzug\/\"><i class=\"icon-envelope-alt\" style=\"font-size:54px; color:#FF0000;\"><\/i><\/a><\/p>\n<p style=\"text-align: center;\">Anfrage<\/p>\n<p style=\"text-align: center;\"><\/div><div class=\"col-md-4\">\n<p style=\"text-align: center;\"><a href=\"http:\/\/www.viennaumzug.at\/umzug\/preisliste-umzug-uebersiedlung\/\"><i class=\"icon-eur\" style=\"font-size:54px; color:#FF0000;\"><\/i><\/a><\/p>\n<p style=\"text-align: center;\">Preise<\/p>\n<p style=\"text-align: center;\"><\/div><div class=\"col-md-4\">\n<p style=\"text-align: center;\"><a href=\"http:\/\/www.viennaumzug.at\/umzug\/verpackungsmaterial-umzug\/\"><i class=\"icon-dropbox\" style=\"font-size:54px; color:#FF0000;\"><\/i><\/a><\/p>\n<p style=\"text-align: center;\">Verpackung<\/p>\n<p style=\"text-align: center;\"><\/div><\/div>\n<hr \/>\n<p style=\"text-align: center;\"><div class=\"row\"> <div class=\"col-md-3\">\n<p style=\"text-align: center;\"><img loading=\"lazy\" class=\"aligncenter size-full wp-image-469\" src=\"http:\/\/www.viennaumzug.at\/umzug\/wp-content\/uploads\/2016\/04\/umzug-firmenumuzg-moebelpacker.jpg\" alt=\"Firmenumzug mit uns ist leicht.\" width=\"370\" height=\"220\" srcset=\"https:\/\/www.viennaumzug.at\/umzug\/wp-content\/uploads\/2016\/04\/umzug-firmenumuzg-moebelpacker.jpg 370w, https:\/\/www.viennaumzug.at\/umzug\/wp-content\/uploads\/2016\/04\/umzug-firmenumuzg-moebelpacker-300x178.jpg 300w\" sizes=\"(max-width: 370px) 100vw, 370px\" \/><\/p>\n<p style=\"text-align: center;\"><\/div><div class=\"col-md-3\">\n<p style=\"text-align: center;\"><img loading=\"lazy\" class=\"aligncenter size-full wp-image-470\" src=\"http:\/\/www.viennaumzug.at\/umzug\/wp-content\/uploads\/2016\/04\/umzug-wien-firmenumuzg-moebelpacker-2.jpg\" alt=\"Umzug f\u00fcr eine Frima\" width=\"370\" height=\"220\" srcset=\"https:\/\/www.viennaumzug.at\/umzug\/wp-content\/uploads\/2016\/04\/umzug-wien-firmenumuzg-moebelpacker-2.jpg 370w, https:\/\/www.viennaumzug.at\/umzug\/wp-content\/uploads\/2016\/04\/umzug-wien-firmenumuzg-moebelpacker-2-300x178.jpg 300w\" sizes=\"(max-width: 370px) 100vw, 370px\" \/><\/p>\n<p style=\"text-align: center;\"><\/div><div class=\"col-md-3\">\n<p style=\"text-align: center;\"><img loading=\"lazy\" class=\"aligncenter size-full wp-image-471\" src=\"http:\/\/www.viennaumzug.at\/umzug\/wp-content\/uploads\/2016\/04\/umzug-wien-firmenumuzg-moebelpacker.jpg\" alt=\"Firmenumzug mit ViennaUmzug\" width=\"370\" height=\"220\" srcset=\"https:\/\/www.viennaumzug.at\/umzug\/wp-content\/uploads\/2016\/04\/umzug-wien-firmenumuzg-moebelpacker.jpg 370w, https:\/\/www.viennaumzug.at\/umzug\/wp-content\/uploads\/2016\/04\/umzug-wien-firmenumuzg-moebelpacker-300x178.jpg 300w\" sizes=\"(max-width: 370px) 100vw, 370px\" \/><\/p>\n<p style=\"text-align: center;\"><\/div><div class=\"col-md-3\">\n<p style=\"text-align: center;\"><img loading=\"lazy\" class=\"aligncenter size-full wp-image-472\" src=\"http:\/\/www.viennaumzug.at\/umzug\/wp-content\/uploads\/2016\/04\/umzug-wien-firmenumuzg-moebelpacker-1.jpg\" alt=\"Firmenumzug mit uns und M\u00f6belppacker\" width=\"370\" height=\"220\" srcset=\"https:\/\/www.viennaumzug.at\/umzug\/wp-content\/uploads\/2016\/04\/umzug-wien-firmenumuzg-moebelpacker-1.jpg 370w, https:\/\/www.viennaumzug.at\/umzug\/wp-content\/uploads\/2016\/04\/umzug-wien-firmenumuzg-moebelpacker-1-300x178.jpg 300w\" sizes=\"(max-width: 370px) 100vw, 370px\" \/><\/p>\n<p style=\"text-align: center;\"><\/div><\/div>\n","protected":false},"excerpt":{"rendered":"<p>Wir sorgen f\u00fcr einen reibungslosen und professionellen Firmenumzug in Wien Steht bei Ihnen ein Firmenumzug in Wien bevor und Sie m\u00f6chten den gesamten Ablauf professionell, schnell und ohne Unterbrechungen Ihres Betriebs organisieren lassen, sind wir Ihr zuverl\u00e4ssiger Partner. Eine Firmen\u00fcbersiedlung &hellip; <a href=\"https:\/\/www.viennaumzug.at\/umzug\/firmenumzug-bueroumzug\/\">Weiter<\/a><\/p>\n","protected":false},"author":2,"featured_media":0,"parent":0,"menu_order":0,"comment_status":"closed","ping_status":"closed","template":"page-fullwidth.php","meta":{"kt_blocks_editor_width":""},"featured_image_urls":{"full":"","thumbnail":"","medium":"","medium_large":"","large":"","1536x1536":"","2048x2048":"","widget-thumb":""},"post_excerpt_stackable":"<p>Wir sorgen f\u00fcr einen reibungslosen und professionellen Firmenumzug in Wien Steht bei Ihnen ein Firmenumzug in Wien bevor und Sie m\u00f6chten den gesamten Ablauf professionell, schnell und ohne Unterbrechungen Ihres Betriebs organisieren lassen, sind wir Ihr zuverl\u00e4ssiger Partner. Eine Firmen\u00fcbersiedlung ist eine anspruchsvolle logistische Aufgabe, die pr\u00e4zise Planung, Erfahrung und ein geschultes Team erfordert. Nur mit echter Expertise vermeiden Sie Verz\u00f6gerungen, unerwartete Probleme und unn\u00f6tige Kosten, die bei einem schlecht organisierten B\u00fcroumzug schnell entstehen k\u00f6nnen. Verlassen Sie sich deshalb auf unsere professionelle Umzugsfirma f\u00fcr Unternehmen in Wien und sichern Sie sich einen reibungslosen, effizienten und termingerechten Ablauf Ihres Firmenumzugs. Damit&hellip;<\/p>\n","category_list":"","author_info":{"name":"ViennaUmzug","url":"https:\/\/www.viennaumzug.at\/umzug\/author\/viennaumzug\/"},"comments_num":"0 comments","featured_image_urls_v2":{"full":"","thumbnail":"","medium":"","medium_large":"","large":"","1536x1536":"","2048x2048":"","widget-thumb":""},"post_excerpt_stackable_v2":"<p>Wir sorgen f\u00fcr einen reibungslosen und professionellen Firmenumzug in Wien Steht bei Ihnen ein Firmenumzug in Wien bevor und Sie m\u00f6chten den gesamten Ablauf professionell, schnell und ohne Unterbrechungen Ihres Betriebs organisieren lassen, sind wir Ihr zuverl\u00e4ssiger Partner. Eine Firmen\u00fcbersiedlung ist eine anspruchsvolle logistische Aufgabe, die pr\u00e4zise Planung, Erfahrung und ein geschultes Team erfordert. Nur mit echter Expertise vermeiden Sie Verz\u00f6gerungen, unerwartete Probleme und unn\u00f6tige Kosten, die bei einem schlecht organisierten B\u00fcroumzug schnell entstehen k\u00f6nnen. Verlassen Sie sich deshalb auf unsere professionelle Umzugsfirma f\u00fcr Unternehmen in Wien und sichern Sie sich einen reibungslosen, effizienten und termingerechten Ablauf Ihres Firmenumzugs. Damit&hellip;<\/p>\n","category_list_v2":"","author_info_v2":{"name":"ViennaUmzug","url":"https:\/\/www.viennaumzug.at\/umzug\/author\/viennaumzug\/"},"comments_num_v2":"0 comments","amp_enabled":false,"_links":{"self":[{"href":"https:\/\/www.viennaumzug.at\/umzug\/wp-json\/wp\/v2\/pages\/106"}],"collection":[{"href":"https:\/\/www.viennaumzug.at\/umzug\/wp-json\/wp\/v2\/pages"}],"about":[{"href":"https:\/\/www.viennaumzug.at\/umzug\/wp-json\/wp\/v2\/types\/page"}],"author":[{"embeddable":true,"href":"https:\/\/www.viennaumzug.at\/umzug\/wp-json\/wp\/v2\/users\/2"}],"replies":[{"embeddable":true,"href":"https:\/\/www.viennaumzug.at\/umzug\/wp-json\/wp\/v2\/comments?post=106"}],"version-history":[{"count":80,"href":"https:\/\/www.viennaumzug.at\/umzug\/wp-json\/wp\/v2\/pages\/106\/revisions"}],"predecessor-version":[{"id":2481,"href":"https:\/\/www.viennaumzug.at\/umzug\/wp-json\/wp\/v2\/pages\/106\/revisions\/2481"}],"wp:attachment":[{"href":"https:\/\/www.viennaumzug.at\/umzug\/wp-json\/wp\/v2\/media?parent=106"}],"curies":[{"name":"wp","href":"https:\/\/api.w.org\/{rel}","templated":true}]}}