{"id":161,"date":"2016-04-08T01:14:33","date_gmt":"2016-04-07T23:14:33","guid":{"rendered":"http:\/\/www.viennaumzug.at\/umzug\/?page_id=161"},"modified":"2020-05-05T06:13:14","modified_gmt":"2020-05-05T04:13:14","slug":"versicherung-umzug","status":"publish","type":"page","link":"https:\/\/www.viennaumzug.at\/umzug\/versicherung-umzug\/","title":{"rendered":"Versicherung f\u00fcr den Umzug"},"content":{"rendered":"<h3><img loading=\"lazy\" class=\"aligncenter size-full wp-image-166\" src=\"http:\/\/www.viennaumzug.at\/umzug\/wp-content\/uploads\/2016\/04\/versicherung-umzug.jpg\" alt=\"Versicherung f\u00fcr den Umzug und \u00dcbersiedlung\" width=\"1280\" height=\"450\" srcset=\"https:\/\/www.viennaumzug.at\/umzug\/wp-content\/uploads\/2016\/04\/versicherung-umzug.jpg 1280w, https:\/\/www.viennaumzug.at\/umzug\/wp-content\/uploads\/2016\/04\/versicherung-umzug-300x105.jpg 300w, https:\/\/www.viennaumzug.at\/umzug\/wp-content\/uploads\/2016\/04\/versicherung-umzug-1024x360.jpg 1024w, https:\/\/www.viennaumzug.at\/umzug\/wp-content\/uploads\/2016\/04\/versicherung-umzug-768x270.jpg 768w\" sizes=\"(max-width: 1280px) 100vw, 1280px\" \/><\/h3>\n<h3><\/h3>\n<hr \/>\n<h3><\/h3>\n<h3>Verpflichtung<\/h3>\n<p><span style=\"color: #808080;\">Wir als Umzugsunternehmen sind wir verpflichtet, eine entsprechende Versicherung f\u00fcr von uns verursachte Sch\u00e4den abzuschlie\u00dfen. Der Wert der Grundhaftung bel\u00e4uft sich bei Umz\u00fcgen auf \u20ac 620 pro Kubikmeter. Kleintransporter werden bei uns nur mit Fahrer vermittelt, sodass dann automatisch wieder die Grundhaftung greift. Sch\u00e4den, die aufgrund sogenannter unabwendbarer Ereignisse (Unfall durch Dritte, Blitzeis oder \u00e4hnliches) entstehen, sind durch die Grundhaftung nicht mit abgedeckt. Zudem ist nur der sogenannte Zeitwert, nicht der Wiederbeschaffungswert versichert. Sollten Sie dies w\u00fcnschen, so beraten wir Sie gerne bei dem Abschluss einer zus\u00e4tzlichen Transportversicherung.<\/span><\/p>\n<h3>Grundhaftung betr\u00e4gt 620,00 \u20ac pro Kubikmeter<\/h3>\n<p><span style=\"color: #808080;\">Bei Umz\u00fcgen betr\u00e4gt diese Grundhaftung 620 \u20ac pro Kubikmeter Umzugsvolumen. Das hei\u00dft, bei einem Umzugsvolumen von 20 Kubikmetern betr\u00e4gt die H\u00f6he dieser Grundhaftung 12.000 \u20ac. Bis zu dieser H\u00f6he w\u00e4ren Sch\u00e4den gedeckt, die in unserem Verantwortungsbereich eintr\u00e4ten.<\/span><\/p>\n<h3>Wichtig bei der Grundhaftung<\/h3>\n<p><span style=\"color: #808080;\">Die Grundhaftung bezieht sich immer auf den Zeitwert des Umzugsgutes. Sie ersetzt keine Sch\u00e4den, die wir trotz der Sorgfalt eines ordentlichen Kaufmanns nicht abwenden k\u00f6nnten, die also aufgrund so genannter &#8220;unabwendbarer Ereignisse\u201c eintr\u00e4ten (zum Beispiel Fahrzeugverlust durch Brand in einem Stra\u00dfentunnel, die Verursachung eines Unfalls durch eine Dritten, der nicht festgestellt werden kann und bei dem das M\u00f6beltransportfahrzeug und die Ladung besch\u00e4digt werden, Unfall durch Blitzeis oder \u00e4hnliche F\u00e4lle).<\/span><\/p>\n<h3>Besondere Haftungsausschlussgr\u00fcnde<\/h3>\n<p><span style=\"color: #808080;\">Die Viennaumzug ist von seiner Haftung befreit, soweit der Verlust oder die Besch\u00e4digung auf eine der folgenden Gefahren zur\u00fcckzuf\u00fchren ist:<\/span><\/p>\n<p style=\"padding-left: 60px;\"><span style=\"color: #808080;\">1. Bef\u00f6rderung von Edelmetallen, Juwelen, Edelsteinen, Geld, Briefmarken, M\u00fcnzen, Wertpapieren oder Urkunden;<\/span><br \/>\n<span style=\"color: #808080;\">2. ungen\u00fcgende Verpackung oder Kennzeichnung durch den Absender;<\/span><br \/>\n<span style=\"color: #808080;\">3. Behandeln, Verladen oder Entladen des Umzugsgutes durch den Absender;<\/span><br \/>\n<span style=\"color: #808080;\">4. Bef\u00f6rderung von nicht vom ViennaUmzug verpacktem Gut in Beh\u00e4ltern;<\/span><br \/>\n<span style=\"color: #808080;\">5. Verladen oder Entladen von Umzugsgut, dessen Gr\u00f6\u00dfe oder Gewicht den Raumverh\u00e4ltnissen an der Ladestelle oder Entladestelle nicht entspricht, sofern der Viennaumzug den Absender auf die Gefahr einer Besch\u00e4digung vorher hingewiesen und der Absender auf die Durchf\u00fchrung der Leistung bestanden hat;<\/span><br \/>\n<span style=\"color: #808080;\">6. Bef\u00f6rderung lebender Tiere oder von Pflanzen;<\/span><br \/>\n<span style=\"color: #808080;\">7. Nat\u00fcrliche oder mangelhafte Beschaffenheit des Umzugsgutes, demzufolge es besonders leicht Sch\u00e4den, insbesondere durch Bruch, Funktionsst\u00f6rungen, Rost, inneren Verderb oder Auslaufen, \u00a0 \u00a0 \u00a0 \u00a0 \u00a0 erleidet. Ist ein Schaden eingetreten, der nach den Umst\u00e4nden des Falles aus einer der unter 1. bis 7. bezeichneten Gefahren entstehen konnte, so wird vermutet, dass der Schaden aus dieser \u00a0 \u00a0 \u00a0 \u00a0 \u00a0 \u00a0 \u00a0 Gefahr entstanden ist.<\/span><br \/>\n<span style=\"color: #d66969;\"><strong>8. Selbstbehalt f\u00fcr Standard M\u00f6bel \u20ac 200,00 bei Schadenfall (Glas, Gl\u00e4ser, Hochgl\u00e4nzende und Lackierten fl\u00e4chen) \u20ac 300,00 (Inland). Auslandsumz\u00fcge \u20ac 450,00.<\/strong><\/span><\/p>\n<p><span style=\"color: #808080;\">Der M\u00f6belspediteur kann sich auf die besonderen Haftungsausschlussgr\u00fcnde nur berufen, wenn er alle ihm nach den Umst\u00e4nden obliegenden Ma\u00dfnahmen getroffen und besondere Weisungen beachtet hat.<\/span><\/p>\n<h3>Gef\u00e4hrliches Umzugsgut<\/h3>\n<p><span style=\"color: #808080;\">Z\u00e4hlt zu dem Umzugsgut gef\u00e4hrliches Gut (z.B. Benzin oder \u00f6le), ist der Absender verpflichtet, dem M\u00f6belspediteur rechtzeitig in Textform anzugeben, welcher Natur die Gefahr ist, die von dem Gut ausgeht (z. B. Feuergef\u00e4hrlichkeit, \u00e4tzende Fl\u00fcssigkeit, explosive Stoffe etc.).<\/span><\/p>\n<h3>Abschluss<\/h3>\n<p><span style=\"color: #808080;\">Unsere Versicherung tritt automatisch in Kraft, bei jedem gebuchtem (Schriftlichen oder Telefonischen) Umzug.<\/span><\/p>\n<hr \/>\n<p style=\"text-align: center;\"><div class=\"row\"> <div class=\"col-md-4\">\n<p style=\"text-align: center;\"><a href=\"http:\/\/www.viennaumzug.at\/umzug\/anfrageumzug\/\"><i class=\"icon-envelope-alt\" style=\"font-size:54px; color:#FF0000;\"><\/i><\/a><\/p>\n<p style=\"text-align: center;\">Anfrage<\/p>\n<p style=\"text-align: center;\"><\/div><div class=\"col-md-4\">\n<p style=\"text-align: center;\"><a href=\"http:\/\/www.viennaumzug.at\/umzug\/preisliste-umzug-uebersiedlung\/\"><i class=\"icon-eur\" style=\"font-size:54px; color:#FF0000;\"><\/i><\/a><\/p>\n<p style=\"text-align: center;\">Preise<\/p>\n<p style=\"text-align: center;\"><\/div><div class=\"col-md-4\">\n<p style=\"text-align: center;\"><a href=\"http:\/\/www.viennaumzug.at\/umzug\/verpackungsmaterial-umzug\/\"><i class=\"icon-dropbox\" style=\"font-size:54px; color:#FF0000;\"><\/i><\/a><\/p>\n<p style=\"text-align: center;\">Verpackung<\/p>\n<p style=\"text-align: center;\"><\/div><\/div>\n<hr \/>\n","protected":false},"excerpt":{"rendered":"<p>Verpflichtung Wir als Umzugsunternehmen sind wir verpflichtet, eine entsprechende Versicherung f\u00fcr von uns verursachte Sch\u00e4den abzuschlie\u00dfen. Der Wert der Grundhaftung bel\u00e4uft sich bei Umz\u00fcgen auf \u20ac 620 pro Kubikmeter. Kleintransporter werden bei uns nur mit Fahrer vermittelt, sodass dann automatisch &hellip; <a href=\"https:\/\/www.viennaumzug.at\/umzug\/versicherung-umzug\/\">Weiter<\/a><\/p>\n","protected":false},"author":2,"featured_media":0,"parent":0,"menu_order":0,"comment_status":"closed","ping_status":"closed","template":"page-fullwidth.php","meta":{"kt_blocks_editor_width":""},"featured_image_urls":{"full":"","thumbnail":"","medium":"","medium_large":"","large":"","1536x1536":"","2048x2048":"","widget-thumb":""},"post_excerpt_stackable":"<p>Verpflichtung Wir als Umzugsunternehmen sind wir verpflichtet, eine entsprechende Versicherung f\u00fcr von uns verursachte Sch\u00e4den abzuschlie\u00dfen. Der Wert der Grundhaftung bel\u00e4uft sich bei Umz\u00fcgen auf \u20ac 620 pro Kubikmeter. Kleintransporter werden bei uns nur mit Fahrer vermittelt, sodass dann automatisch wieder die Grundhaftung greift. Sch\u00e4den, die aufgrund sogenannter unabwendbarer Ereignisse (Unfall durch Dritte, Blitzeis oder \u00e4hnliches) entstehen, sind durch die Grundhaftung nicht mit abgedeckt. Zudem ist nur der sogenannte Zeitwert, nicht der Wiederbeschaffungswert versichert. Sollten Sie dies w\u00fcnschen, so beraten wir Sie gerne bei dem Abschluss einer zus\u00e4tzlichen Transportversicherung. Grundhaftung betr\u00e4gt 620,00 \u20ac pro Kubikmeter Bei Umz\u00fcgen betr\u00e4gt diese Grundhaftung&hellip;<\/p>\n","category_list":"","author_info":{"name":"ViennaUmzug","url":"https:\/\/www.viennaumzug.at\/umzug\/author\/viennaumzug\/"},"comments_num":"0 comments","featured_image_urls_v2":{"full":"","thumbnail":"","medium":"","medium_large":"","large":"","1536x1536":"","2048x2048":"","widget-thumb":""},"post_excerpt_stackable_v2":"<p>Verpflichtung Wir als Umzugsunternehmen sind wir verpflichtet, eine entsprechende Versicherung f\u00fcr von uns verursachte Sch\u00e4den abzuschlie\u00dfen. Der Wert der Grundhaftung bel\u00e4uft sich bei Umz\u00fcgen auf \u20ac 620 pro Kubikmeter. Kleintransporter werden bei uns nur mit Fahrer vermittelt, sodass dann automatisch wieder die Grundhaftung greift. Sch\u00e4den, die aufgrund sogenannter unabwendbarer Ereignisse (Unfall durch Dritte, Blitzeis oder \u00e4hnliches) entstehen, sind durch die Grundhaftung nicht mit abgedeckt. Zudem ist nur der sogenannte Zeitwert, nicht der Wiederbeschaffungswert versichert. Sollten Sie dies w\u00fcnschen, so beraten wir Sie gerne bei dem Abschluss einer zus\u00e4tzlichen Transportversicherung. Grundhaftung betr\u00e4gt 620,00 \u20ac pro Kubikmeter Bei Umz\u00fcgen betr\u00e4gt diese Grundhaftung&hellip;<\/p>\n","category_list_v2":"","author_info_v2":{"name":"ViennaUmzug","url":"https:\/\/www.viennaumzug.at\/umzug\/author\/viennaumzug\/"},"comments_num_v2":"0 comments","amp_enabled":false,"_links":{"self":[{"href":"https:\/\/www.viennaumzug.at\/umzug\/wp-json\/wp\/v2\/pages\/161"}],"collection":[{"href":"https:\/\/www.viennaumzug.at\/umzug\/wp-json\/wp\/v2\/pages"}],"about":[{"href":"https:\/\/www.viennaumzug.at\/umzug\/wp-json\/wp\/v2\/types\/page"}],"author":[{"embeddable":true,"href":"https:\/\/www.viennaumzug.at\/umzug\/wp-json\/wp\/v2\/users\/2"}],"replies":[{"embeddable":true,"href":"https:\/\/www.viennaumzug.at\/umzug\/wp-json\/wp\/v2\/comments?post=161"}],"version-history":[{"count":10,"href":"https:\/\/www.viennaumzug.at\/umzug\/wp-json\/wp\/v2\/pages\/161\/revisions"}],"predecessor-version":[{"id":2039,"href":"https:\/\/www.viennaumzug.at\/umzug\/wp-json\/wp\/v2\/pages\/161\/revisions\/2039"}],"wp:attachment":[{"href":"https:\/\/www.viennaumzug.at\/umzug\/wp-json\/wp\/v2\/media?parent=161"}],"curies":[{"name":"wp","href":"https:\/\/api.w.org\/{rel}","templated":true}]}}