{"id":250,"date":"2016-04-12T01:32:50","date_gmt":"2016-04-11T23:32:50","guid":{"rendered":"http:\/\/www.viennaumzug.at\/umzug\/?page_id=250"},"modified":"2022-04-25T14:48:50","modified_gmt":"2022-04-25T12:48:50","slug":"verpackungsmaterial-umzug","status":"publish","type":"page","link":"https:\/\/www.viennaumzug.at\/umzug\/verpackungsmaterial-umzug\/","title":{"rendered":"Verpackungsmaterial"},"content":{"rendered":"<p><img loading=\"lazy\" class=\"aligncenter wp-image-251 size-full\" title=\"Verpackungsmaterial\" src=\"https:\/\/www.viennaumzug.at\/umzug\/wp-content\/uploads\/2016\/04\/verpackung-umzug-moebelpacker.jpg\" alt=\"Mit richtigen Verpackungsmaterial, verpacken wir alles f\u00fcr Ihren Umzug und \u00dcbersiedlung\" width=\"1280\" height=\"450\" srcset=\"https:\/\/www.viennaumzug.at\/umzug\/wp-content\/uploads\/2016\/04\/verpackung-umzug-moebelpacker.jpg 1280w, https:\/\/www.viennaumzug.at\/umzug\/wp-content\/uploads\/2016\/04\/verpackung-umzug-moebelpacker-300x105.jpg 300w, https:\/\/www.viennaumzug.at\/umzug\/wp-content\/uploads\/2016\/04\/verpackung-umzug-moebelpacker-1024x360.jpg 1024w, https:\/\/www.viennaumzug.at\/umzug\/wp-content\/uploads\/2016\/04\/verpackung-umzug-moebelpacker-768x270.jpg 768w\" sizes=\"(max-width: 1280px) 100vw, 1280px\" \/><\/p>\n<h3>Verpackungsmaterial f\u00fcr Ihren Umzug und \u00dcbersiedlung.<\/h3>\n<p><span style=\"color: #808080;\">Alles was Sie f\u00fcr Ihren <a href=\"http:\/\/www.viennaumzug.at\/umzug\/\">Umzug<\/a> brauchen. Kleinen oder Gro\u00dfen, <a href=\"http:\/\/www.viennaumzug.at\/umzug\/firmenumzug-bueroumzug\/\">Firmenumzug <\/a>oder <a href=\"https:\/\/www.viennaumzug.at\/umzug\/umzug-in-wien-privatumzug\/\">Privatumzug<\/a> wir bieten Ihnen eine Riesenauswahl, alles auf einem Platz.<\/span><\/p>\n<p><span style=\"color: #808080;\">Das richtige Verpackungsmaterial ist beim <strong>Umzug<\/strong> sehr wichtig, damit Ihre M\u00f6bel auch heil und unbeschadet an Ihrem neuen Wohnort ankommen. Es gibt spezielle Umzugskartons f\u00fcr W\u00e4sche, B\u00fccher, Bilder und Lampen. Weiter k\u00f6nnen Sie Schonbez\u00fcge und Schutzh\u00fcllen f\u00fcr Matratzen, Couch und Sessel mieten. Egal, ob Sie einen oder 1000, kleine oder gro\u00dfe Umzugskartons und andere Verpackungsmaterial ben\u00f6tigen, wir bieten Ihnen eine Riesenauswahl. Organisieren Sie gen\u00fcgend Schachteln! Es ist immer besser, Sie haben zu viele als zu wenig. Bestellen Sie diese fr\u00fchzeitig. <strong>F\u00fcr schwere Gegenst\u00e4nde nie zu grosse Schachteln nehmen. Packen Sie die Kartons so, dass sie f\u00fcr eine Person tragbar sind.<\/strong><\/span><\/p>\n<hr \/>\n<div class=\"row\"> <div class=\"col-md-4\">\n<p><img loading=\"lazy\" class=\"aligncenter size-full wp-image-254\" src=\"http:\/\/www.viennaumzug.at\/umzug\/wp-content\/uploads\/2016\/04\/verpackung-umzug-kartons.jpg\" alt=\"Umzugskarton\" width=\"370\" height=\"220\" srcset=\"https:\/\/www.viennaumzug.at\/umzug\/wp-content\/uploads\/2016\/04\/verpackung-umzug-kartons.jpg 370w, https:\/\/www.viennaumzug.at\/umzug\/wp-content\/uploads\/2016\/04\/verpackung-umzug-kartons-300x178.jpg 300w\" sizes=\"(max-width: 370px) 100vw, 370px\" \/><\/p>\n<hr \/>\n<h5>Umzugskartons mit Handgriff doppellagig<\/h5>\n<p><span style=\"color: #808080;\"><strong>Masen:<\/strong> L 60cm x H 40cm x B 35cm<\/span><\/p>\n<p><span style=\"color: #808080;\"><strong>Volumen:<\/strong> 67 liter<\/span><\/p>\n<ul>\n<li><span style=\"color: #808080;\">B\u00fccher<\/span><\/li>\n<li><span style=\"color: #808080;\">CDs \/ DVDs<\/span><\/li>\n<li><span style=\"color: #808080;\">Kleinigkeiten<\/span><\/li>\n<li><span style=\"color: #808080;\">Geschirr usw.<\/span><\/li>\n<\/ul>\n<p><span style=\"color: #808080;\"><span style=\"font-size: 12pt;\"><strong>Preis:<\/strong> <\/span><span style=\"font-size: 18pt; color: #03a1fc;\"><strong>3<\/strong><\/span>\u00a0<\/span><i class=\"icon-euro\" style=\"font-size:18px; color:#03a1fc;\"><\/i> <span style=\"color: #808080;\">St\u00fcck<\/span><\/p>\n<p><span style=\"color: #db4b4b;\">nach R\u00fcckgabe erhalten Sie 1\u20ac Retour<\/span><\/p>\n<\/div><div class=\"col-md-4\">\n<p><img loading=\"lazy\" class=\"aligncenter size-full wp-image-256\" src=\"http:\/\/www.viennaumzug.at\/umzug\/wp-content\/uploads\/2016\/04\/verpackung-umzug-kleiderbox.jpg\" alt=\"Kleiderbox\" width=\"370\" height=\"220\" srcset=\"https:\/\/www.viennaumzug.at\/umzug\/wp-content\/uploads\/2016\/04\/verpackung-umzug-kleiderbox.jpg 370w, https:\/\/www.viennaumzug.at\/umzug\/wp-content\/uploads\/2016\/04\/verpackung-umzug-kleiderbox-300x178.jpg 300w\" sizes=\"(max-width: 370px) 100vw, 370px\" \/><\/p>\n<hr \/>\n<h5><\/h5>\n<h5>Kleiderbox mit Stange<\/h5>\n<p><span style=\"color: #808080;\"><strong>Masen:<\/strong> L 60cm x H 140cm x B 60cm<\/span><\/p>\n<p><span style=\"color: #808080;\"><strong>Volumen<\/strong>: 400 Liter<\/span><\/p>\n<ul>\n<li><span style=\"color: #808080;\">Jacken<\/span><\/li>\n<li><span style=\"color: #808080;\">Sakkos<\/span><\/li>\n<li><span style=\"color: #808080;\">Mantel<\/span><\/li>\n<li><span style=\"color: #808080;\">Hemden usw.<\/span><\/li>\n<\/ul>\n<p><span style=\"font-size: 12pt;\"><span style=\"color: #808080;\"><strong>Preis:<\/strong><\/span> <\/span><span style=\"font-size: 18pt; color: #03a1fc;\"><b>25<\/b><\/span><span style=\"color: #808080;\">\u00a0<\/span><i class=\"icon-euro\" style=\"font-size:18px; color:#03a1fc;\"><\/i><span style=\"color: #808080;\"> St\u00fcck<\/span><\/p>\n<p><span style=\"color: #db4b4b;\">nach R\u00fcckgabe erhalten Sie 5\u20ac Retour<\/span><\/p>\n<\/div><div class=\"col-md-4\">\n<p><img loading=\"lazy\" class=\"aligncenter size-full wp-image-258\" src=\"http:\/\/www.viennaumzug.at\/umzug\/wp-content\/uploads\/2016\/04\/verpackung-umzug-seidenpapier.jpg\" alt=\"Seidenpapier\" width=\"370\" height=\"220\" srcset=\"https:\/\/www.viennaumzug.at\/umzug\/wp-content\/uploads\/2016\/04\/verpackung-umzug-seidenpapier.jpg 370w, https:\/\/www.viennaumzug.at\/umzug\/wp-content\/uploads\/2016\/04\/verpackung-umzug-seidenpapier-300x178.jpg 300w\" sizes=\"(max-width: 370px) 100vw, 370px\" \/><\/p>\n<hr \/>\n<h5>Seidenpapier<\/h5>\n<p><span style=\"color: #808080;\">zum Einwickeln, Stopfen, Sch\u00fctzen. Die g\u00fcnstige M\u00f6glichkeit zum Einwickeln und Ausstopfen, empfindlicher Gegenst\u00e4nde wie Gl\u00e4ser, Teller und Geschirr.<\/span><\/p>\n<p><span style=\"color: #808080;\">Kiloware<\/span><\/p>\n<p><span style=\"font-size: 12pt;\"><span style=\"color: #808080;\"><strong>Preis:<\/strong><\/span>\u00a0<\/span><span style=\"font-size: 18pt; color: #03a1fc;\"><b>20<\/b><\/span><span style=\"color: #808080;\">\u00a0<\/span><i class=\"icon-euro\" style=\"font-size:18px; color:#03a1fc;\"><\/i> <span style=\"color: #808080;\">pro 10kg<\/span><\/p>\n<\/div><\/div>\n<div class=\"row\"> <div class=\"col-md-4\">\n<p><img loading=\"lazy\" class=\"aligncenter size-full wp-image-296\" src=\"http:\/\/www.viennaumzug.at\/umzug\/wp-content\/uploads\/2016\/04\/verpackung-umzug-stretchfolie.jpg\" alt=\"Stretchfolie\" width=\"370\" height=\"220\" srcset=\"https:\/\/www.viennaumzug.at\/umzug\/wp-content\/uploads\/2016\/04\/verpackung-umzug-stretchfolie.jpg 370w, https:\/\/www.viennaumzug.at\/umzug\/wp-content\/uploads\/2016\/04\/verpackung-umzug-stretchfolie-300x178.jpg 300w\" sizes=\"(max-width: 370px) 100vw, 370px\" \/><\/p>\n<hr \/>\n<h5>Stretchfolie<\/h5>\n<p><span style=\"color: #808080;\">Handstretchfolie f\u00fcr den Schutz Ihrer Ware vor Staub bzw. Schmutz und Kratzschutz bei Umz\u00fcgen. <\/span><\/p>\n<p><span style=\"color: #808080;\">Rolle 250 Laufmeter<\/span><\/p>\n<p><span style=\"font-size: 12pt;\"><span style=\"color: #808080;\"><strong>Preis:<\/strong><\/span>\u00a0<\/span><span style=\"font-size: 18pt; color: #03a1fc;\"><b>30<\/b><\/span><span style=\"color: #808080;\">\u00a0<\/span><i class=\"icon-euro\" style=\"font-size:18px; color:#03a1fc;\"><\/i> <span style=\"color: #808080;\">pro Rolle<\/span><\/p>\n<\/div><div class=\"col-md-4\">\n<p><img loading=\"lazy\" class=\"aligncenter size-full wp-image-297\" src=\"http:\/\/www.viennaumzug.at\/umzug\/wp-content\/uploads\/2016\/04\/verpackung-umzug-luftfolie.jpg\" alt=\"Luftpolsterfolie\" width=\"370\" height=\"220\" srcset=\"https:\/\/www.viennaumzug.at\/umzug\/wp-content\/uploads\/2016\/04\/verpackung-umzug-luftfolie.jpg 370w, https:\/\/www.viennaumzug.at\/umzug\/wp-content\/uploads\/2016\/04\/verpackung-umzug-luftfolie-300x178.jpg 300w\" sizes=\"(max-width: 370px) 100vw, 370px\" \/><\/p>\n<hr \/>\n<h5>Luftpolsterfolie 3-lagig<\/h5>\n<p><span style=\"color: #808080;\">Luftpolsterfolie f\u00fcr den Einsatz in der Kunstverpackung und bei schweren, kantigen, hochwertigen und gl\u00e4nzenden M\u00f6bel.<\/span><\/p>\n<p><span style=\"font-size: 12pt;\"><span style=\"color: #808080;\"><strong>Preis:<\/strong><\/span>\u00a0<\/span><span style=\"font-size: 18pt; color: #03a1fc;\"><b>2<\/b><\/span><span style=\"color: #808080;\">\u00a0<\/span><i class=\"icon-euro\" style=\"font-size:18px; color:#03a1fc;\"><\/i> <span style=\"color: #808080;\">je Laufmeter<\/span><\/p>\n<\/div><div class=\"col-md-4\">\n<p><img loading=\"lazy\" class=\"aligncenter size-full wp-image-298\" src=\"http:\/\/www.viennaumzug.at\/umzug\/wp-content\/uploads\/2016\/04\/verpackung-umzug-klebeband.jpg\" alt=\"Klebeband\" width=\"370\" height=\"220\" srcset=\"https:\/\/www.viennaumzug.at\/umzug\/wp-content\/uploads\/2016\/04\/verpackung-umzug-klebeband.jpg 370w, https:\/\/www.viennaumzug.at\/umzug\/wp-content\/uploads\/2016\/04\/verpackung-umzug-klebeband-300x178.jpg 300w\" sizes=\"(max-width: 370px) 100vw, 370px\" \/><\/p>\n<hr \/>\n<h5>Klebeband<\/h5>\n<p><span style=\"color: #808080;\">Umweltfreundliche Klebeb\u00e4nder mit extra starker Folie und mehr Klebkraft. Damit Ihre Pakete sicher beim Empf\u00e4nger ankommen.<\/span><\/p>\n<p><span style=\"font-size: 12pt;\"><span style=\"color: #808080;\"><strong>Preis:<\/strong><\/span> <\/span><span style=\"font-size: 18pt; color: #03a1fc;\"><b>4<\/b><\/span><span style=\"color: #808080;\">\u00a0<\/span><i class=\"icon-euro\" style=\"font-size:18px; color:#03a1fc;\"><\/i> <span style=\"color: #808080;\">je Rolle<\/span><\/p>\n<\/div><\/div>\n<ul>\n<li><span style=\"font-size: 9pt; font-family: arial, helvetica, sans-serif;\">*Alle Preise\u00a0inkl. 20% MwSt.<\/span><\/li>\n<li><span style=\"font-size: 9pt; font-family: arial, helvetica, sans-serif;\">*2 Stunden Mindestbuchungszeit<\/span><\/li>\n<\/ul>\n<hr \/>\n<p style=\"text-align: center;\"><div class=\"row\"> <div class=\"col-md-4\">\n<p style=\"text-align: center;\"><a href=\"http:\/\/www.viennaumzug.at\/umzug\/anfrageumzug\/\"><i class=\"icon-envelope-alt\" style=\"font-size:54px; color:#FF0000;\"><\/i><\/a><\/p>\n<p style=\"text-align: center;\">Anfrage<\/p>\n<p style=\"text-align: center;\"><\/div><div class=\"col-md-4\">\n<p style=\"text-align: center;\"><a href=\"http:\/\/www.viennaumzug.at\/umzug\/preisliste-umzug-uebersiedlung\/\"><i class=\"icon-eur\" style=\"font-size:54px; color:#FF0000;\"><\/i><\/a><\/p>\n<p style=\"text-align: center;\">Preise f\u00fcr den Umzug<\/p>\n<p style=\"text-align: center;\"><\/div><div class=\"col-md-4\">\n<p style=\"text-align: center;\"><a href=\"http:\/\/www.viennaumzug.at\/umzug\/verpackungsmaterial-umzug\/\"><i class=\"icon-dropbox\" style=\"font-size:54px; color:#FF0000;\"><\/i><\/a><\/p>\n<p style=\"text-align: center;\">Verpackung<\/p>\n<p style=\"text-align: center;\"><\/div><\/div>\n<hr \/>\n","protected":false},"excerpt":{"rendered":"<p>Verpackungsmaterial f\u00fcr Ihren Umzug und \u00dcbersiedlung. Alles was Sie f\u00fcr Ihren Umzug brauchen. Kleinen oder Gro\u00dfen, Firmenumzug oder Privatumzug wir bieten Ihnen eine Riesenauswahl, alles auf einem Platz. Das richtige Verpackungsmaterial ist beim Umzug sehr wichtig, damit Ihre M\u00f6bel auch &hellip; <a href=\"https:\/\/www.viennaumzug.at\/umzug\/verpackungsmaterial-umzug\/\">Weiter<\/a><\/p>\n","protected":false},"author":2,"featured_media":0,"parent":0,"menu_order":0,"comment_status":"closed","ping_status":"closed","template":"page-fullwidth.php","meta":{"kt_blocks_editor_width":""},"featured_image_urls":{"full":"","thumbnail":"","medium":"","medium_large":"","large":"","1536x1536":"","2048x2048":"","widget-thumb":""},"post_excerpt_stackable":"<p>Verpackungsmaterial f\u00fcr Ihren Umzug und \u00dcbersiedlung. Alles was Sie f\u00fcr Ihren Umzug brauchen. Kleinen oder Gro\u00dfen, Firmenumzug oder Privatumzug wir bieten Ihnen eine Riesenauswahl, alles auf einem Platz. Das richtige Verpackungsmaterial ist beim Umzug sehr wichtig, damit Ihre M\u00f6bel auch heil und unbeschadet an Ihrem neuen Wohnort ankommen. Es gibt spezielle Umzugskartons f\u00fcr W\u00e4sche, B\u00fccher, Bilder und Lampen. Weiter k\u00f6nnen Sie Schonbez\u00fcge und Schutzh\u00fcllen f\u00fcr Matratzen, Couch und Sessel mieten. Egal, ob Sie einen oder 1000, kleine oder gro\u00dfe Umzugskartons und andere Verpackungsmaterial ben\u00f6tigen, wir bieten Ihnen eine Riesenauswahl. Organisieren Sie gen\u00fcgend Schachteln! Es ist immer besser, Sie haben zu&hellip;<\/p>\n","category_list":"","author_info":{"name":"ViennaUmzug","url":"https:\/\/www.viennaumzug.at\/umzug\/author\/viennaumzug\/"},"comments_num":"0 comments","featured_image_urls_v2":{"full":"","thumbnail":"","medium":"","medium_large":"","large":"","1536x1536":"","2048x2048":"","widget-thumb":""},"post_excerpt_stackable_v2":"<p>Verpackungsmaterial f\u00fcr Ihren Umzug und \u00dcbersiedlung. Alles was Sie f\u00fcr Ihren Umzug brauchen. Kleinen oder Gro\u00dfen, Firmenumzug oder Privatumzug wir bieten Ihnen eine Riesenauswahl, alles auf einem Platz. Das richtige Verpackungsmaterial ist beim Umzug sehr wichtig, damit Ihre M\u00f6bel auch heil und unbeschadet an Ihrem neuen Wohnort ankommen. Es gibt spezielle Umzugskartons f\u00fcr W\u00e4sche, B\u00fccher, Bilder und Lampen. Weiter k\u00f6nnen Sie Schonbez\u00fcge und Schutzh\u00fcllen f\u00fcr Matratzen, Couch und Sessel mieten. Egal, ob Sie einen oder 1000, kleine oder gro\u00dfe Umzugskartons und andere Verpackungsmaterial ben\u00f6tigen, wir bieten Ihnen eine Riesenauswahl. Organisieren Sie gen\u00fcgend Schachteln! Es ist immer besser, Sie haben zu&hellip;<\/p>\n","category_list_v2":"","author_info_v2":{"name":"ViennaUmzug","url":"https:\/\/www.viennaumzug.at\/umzug\/author\/viennaumzug\/"},"comments_num_v2":"0 comments","amp_enabled":false,"_links":{"self":[{"href":"https:\/\/www.viennaumzug.at\/umzug\/wp-json\/wp\/v2\/pages\/250"}],"collection":[{"href":"https:\/\/www.viennaumzug.at\/umzug\/wp-json\/wp\/v2\/pages"}],"about":[{"href":"https:\/\/www.viennaumzug.at\/umzug\/wp-json\/wp\/v2\/types\/page"}],"author":[{"embeddable":true,"href":"https:\/\/www.viennaumzug.at\/umzug\/wp-json\/wp\/v2\/users\/2"}],"replies":[{"embeddable":true,"href":"https:\/\/www.viennaumzug.at\/umzug\/wp-json\/wp\/v2\/comments?post=250"}],"version-history":[{"count":63,"href":"https:\/\/www.viennaumzug.at\/umzug\/wp-json\/wp\/v2\/pages\/250\/revisions"}],"predecessor-version":[{"id":2372,"href":"https:\/\/www.viennaumzug.at\/umzug\/wp-json\/wp\/v2\/pages\/250\/revisions\/2372"}],"wp:attachment":[{"href":"https:\/\/www.viennaumzug.at\/umzug\/wp-json\/wp\/v2\/media?parent=250"}],"curies":[{"name":"wp","href":"https:\/\/api.w.org\/{rel}","templated":true}]}}