{"id":8,"date":"2016-04-05T23:18:49","date_gmt":"2016-04-05T21:18:49","guid":{"rendered":"http:\/\/www.viennaumzug.at\/umzug\/?page_id=8"},"modified":"2022-04-25T17:13:38","modified_gmt":"2022-04-25T15:13:38","slug":"anfrageumzug","status":"publish","type":"page","link":"https:\/\/www.viennaumzug.at\/umzug\/anfrageumzug\/","title":{"rendered":"Umzugsanfrage"},"content":{"rendered":"<h1 style=\"text-align: center;\"><span style=\"font-family: 'andale mono', monospace; color: #ff0000;\">\u00a0<\/span><\/h1>\n<p style=\"text-align: left;\">Wir stehen f\u00fcr jeden Umzug bereit. Haben Sie eine Frage zum Thema Umzug oder m\u00f6chten Sie mehr dar\u00fcber erfahren, wie wir\u00a0Ihnen bei\u00a0Ihrem Umzugsprojekt helfen k\u00f6nnen? F\u00fcllen Sie einfach folgendes Formular aus, wir werden dann so schnell es geht\u00a0auf Sie zukommen.<\/p>\n<p style=\"text-align: left;\"><span style=\"font-size: medium;\">oder schreiben Sie uns eine E-Mail an <a href=\"mailto:office@viennaumzug.at\">office@viennaumzug.at<\/a>\u00a0<\/span><\/p>\n<blockquote>\n<h2 style=\"text-align: left;\"><span style=\"color: #2578a8;\"><span style=\"font-family: 'andale mono', monospace;\">Formular bitte vollst\u00e4ndig ausf\u00fcllen<\/span><\/span><\/h2>\n<\/blockquote>\n<div role=\"form\" class=\"wpcf7\" id=\"wpcf7-f12-o1\" lang=\"de-DE\" dir=\"ltr\">\n<div class=\"screen-reader-response\"><p role=\"status\" aria-live=\"polite\" aria-atomic=\"true\"><\/p> <ul><\/ul><\/div>\n<form action=\"\/umzug\/wp-json\/wp\/v2\/pages\/8#wpcf7-f12-o1\" method=\"post\" class=\"wpcf7-form init\" novalidate=\"novalidate\" data-status=\"init\">\n<div style=\"display: none;\">\n<input type=\"hidden\" name=\"_wpcf7\" value=\"12\" \/>\n<input type=\"hidden\" name=\"_wpcf7_version\" value=\"5.5.6.1\" \/>\n<input type=\"hidden\" name=\"_wpcf7_locale\" value=\"de_DE\" \/>\n<input type=\"hidden\" name=\"_wpcf7_unit_tag\" value=\"wpcf7-f12-o1\" \/>\n<input type=\"hidden\" name=\"_wpcf7_container_post\" value=\"0\" \/>\n<input type=\"hidden\" name=\"_wpcf7_posted_data_hash\" value=\"\" \/>\n<input type=\"hidden\" name=\"_wpcf7_recaptcha_response\" value=\"\" \/>\n<\/div>\n<p>Ihr Name (Pflichtfeld)<br \/>\n    <span class=\"wpcf7-form-control-wrap your-name\"><input type=\"text\" name=\"your-name\" value=\"\" size=\"40\" class=\"wpcf7-form-control wpcf7-text wpcf7-validates-as-required\" aria-required=\"true\" aria-invalid=\"false\" \/><\/span><\/p>\n<p>Ihre E-Mail-Adresse (Pflichtfeld)<br \/>\n    <span class=\"wpcf7-form-control-wrap your-email\"><input type=\"email\" name=\"your-email\" value=\"\" size=\"40\" class=\"wpcf7-form-control wpcf7-text wpcf7-email wpcf7-validates-as-required wpcf7-validates-as-email\" aria-required=\"true\" aria-invalid=\"false\" \/><\/span> <\/p>\n<p>Ihr Telefonnummer (Pflichtfeld)<br \/>\n   <span class=\"wpcf7-form-control-wrap Telefon\"><input type=\"tel\" name=\"Telefon\" value=\"\" size=\"40\" class=\"wpcf7-form-control wpcf7-text wpcf7-tel wpcf7-validates-as-required wpcf7-validates-as-tel\" aria-required=\"true\" aria-invalid=\"false\" \/><\/span> <\/p>\n<p>Betreff<br \/>\n    <span class=\"wpcf7-form-control-wrap your-subject\"><input type=\"text\" name=\"your-subject\" value=\"\" size=\"40\" class=\"wpcf7-form-control wpcf7-text wpcf7-validates-as-required\" aria-required=\"true\" aria-invalid=\"false\" \/><\/span> <\/p>\n<p>Ihre Nachricht<br \/>\n    <span class=\"wpcf7-form-control-wrap your-message\"><textarea name=\"your-message\" cols=\"40\" rows=\"10\" class=\"wpcf7-form-control wpcf7-textarea\" aria-invalid=\"false\"><\/textarea><\/span> <\/p>\n<p><input type=\"submit\" value=\"Senden\" class=\"wpcf7-form-control has-spinner wpcf7-submit\" \/><\/p>\n<div class=\"wpcf7-response-output\" aria-hidden=\"true\"><\/div><\/form><\/div>\n<div class=\"hrule clearfix\"><\/div>\n<p style=\"text-align: center;\"><div class=\"row\"> <div class=\"col-md-4\">\n<p style=\"text-align: center;\"><a href=\"http:\/\/www.viennaumzug.at\/umzug\/viennaumzug-impressum\/\"><i class=\"icon-comments-alt\" style=\"font-size:54px; color:#FF0000;\"><\/i><\/a><\/p>\n<p style=\"text-align: center;\">Impressum<\/p>\n<p style=\"text-align: center;\"><\/div><div class=\"col-md-4\">\n<p style=\"text-align: center;\"><a href=\"http:\/\/www.viennaumzug.at\/umzug\/preisliste-umzug-uebersiedlung\/\"><i class=\"icon-eur\" style=\"font-size:54px; color:#FF0000;\"><\/i><\/a><\/p>\n<p style=\"text-align: center;\">Preise<\/p>\n<p style=\"text-align: center;\"><\/div><div class=\"col-md-4\">\n<p style=\"text-align: center;\"><a href=\"http:\/\/www.viennaumzug.at\/umzug\/verpackungsmaterial-umzug\/\"><i class=\"icon-dropbox\" style=\"font-size:54px; color:#FF0000;\"><\/i><\/a><\/p>\n<p style=\"text-align: center;\">Verpackung<\/p>\n<p style=\"text-align: center;\"><\/div><\/div>\n\n<div class=\"saswp-r\"><input type=\"hidden\" id=\"saswp_fomo_interval\" value=\"5\"><div id=\"0\" class=\"saswp-r5\"><div class=\"saswp-r5-r\"><div class=\"saswp-r5-lg\"><span><img loading=\"lazy\" alt=\"Google\" height=\"70\" width=\"70\" src=\"https:\/\/www.viennaumzug.at\/umzug\/wp-content\/plugins\/schema-and-structured-data-for-wp\/admin_section\/images\/reviews_platform_icon\/google-img.png\"\/><\/span><\/div><div class=\"saswp-r5-rng\"><div class=\"saswp-rvw-str\"><span class=\"str-ic\"><\/span><span class=\"str-ic\"><\/span><span class=\"str-ic\"><\/span><span class=\"str-ic\"><\/span><span class=\"str-ic\"><\/span><\/div><div class=\"saswp-r5-txrng\"><span>5 Stars<\/span><span>by<\/span><span>Rainer Sigl<\/span><\/div><span class=\"saswp-r5-dt\"><\/span><\/div><\/div><\/div><div id=\"1\" class=\"saswp-r5\"><div class=\"saswp-r5-r\"><div class=\"saswp-r5-lg\"><span><img loading=\"lazy\" alt=\"Google\" height=\"70\" width=\"70\" src=\"https:\/\/www.viennaumzug.at\/umzug\/wp-content\/plugins\/schema-and-structured-data-for-wp\/admin_section\/images\/reviews_platform_icon\/google-img.png\"\/><\/span><\/div><div class=\"saswp-r5-rng\"><div class=\"saswp-rvw-str\"><span class=\"str-ic\"><\/span><span class=\"str-ic\"><\/span><span class=\"str-ic\"><\/span><span class=\"str-ic\"><\/span><span class=\"str-ic\"><\/span><\/div><div class=\"saswp-r5-txrng\"><span>5 Stars<\/span><span>by<\/span><span>Martin Schreiter<\/span><\/div><span class=\"saswp-r5-dt\"><\/span><\/div><\/div><\/div><div id=\"2\" class=\"saswp-r5\"><div class=\"saswp-r5-r\"><div class=\"saswp-r5-lg\"><span><img loading=\"lazy\" alt=\"Google\" height=\"70\" width=\"70\" src=\"https:\/\/www.viennaumzug.at\/umzug\/wp-content\/plugins\/schema-and-structured-data-for-wp\/admin_section\/images\/reviews_platform_icon\/google-img.png\"\/><\/span><\/div><div class=\"saswp-r5-rng\"><div class=\"saswp-rvw-str\"><span class=\"str-ic\"><\/span><span class=\"str-ic\"><\/span><span class=\"str-ic\"><\/span><span class=\"str-ic\"><\/span><span class=\"str-ic\"><\/span><\/div><div class=\"saswp-r5-txrng\"><span>5 Stars<\/span><span>by<\/span><span>Lisa Hofst\u00e4tter<\/span><\/div><span class=\"saswp-r5-dt\"><\/span><\/div><\/div><\/div><div id=\"3\" class=\"saswp-r5\"><div class=\"saswp-r5-r\"><div class=\"saswp-r5-lg\"><span><img loading=\"lazy\" alt=\"Google\" height=\"70\" width=\"70\" src=\"https:\/\/www.viennaumzug.at\/umzug\/wp-content\/plugins\/schema-and-structured-data-for-wp\/admin_section\/images\/reviews_platform_icon\/google-img.png\"\/><\/span><\/div><div class=\"saswp-r5-rng\"><div class=\"saswp-rvw-str\"><span class=\"str-ic\"><\/span><span class=\"str-ic\"><\/span><span class=\"str-ic\"><\/span><span class=\"str-ic\"><\/span><span class=\"str-ic\"><\/span><\/div><div class=\"saswp-r5-txrng\"><span>5 Stars<\/span><span>by<\/span><span>Nina Borufka<\/span><\/div><span class=\"saswp-r5-dt\"><\/span><\/div><\/div><\/div><div id=\"4\" class=\"saswp-r5\"><div class=\"saswp-r5-r\"><div class=\"saswp-r5-lg\"><span><img loading=\"lazy\" alt=\"Google\" height=\"70\" width=\"70\" src=\"https:\/\/www.viennaumzug.at\/umzug\/wp-content\/plugins\/schema-and-structured-data-for-wp\/admin_section\/images\/reviews_platform_icon\/google-img.png\"\/><\/span><\/div><div class=\"saswp-r5-rng\"><div class=\"saswp-rvw-str\"><span class=\"str-ic\"><\/span><span class=\"str-ic\"><\/span><span class=\"str-ic\"><\/span><span class=\"str-ic\"><\/span><span class=\"str-ic\"><\/span><\/div><div class=\"saswp-r5-txrng\"><span>5 Stars<\/span><span>by<\/span><span>Maja Soronda<\/span><\/div><span class=\"saswp-r5-dt\"><\/span><\/div><\/div><\/div><\/div>","protected":false},"excerpt":{"rendered":"<p>\u00a0 Wir stehen f\u00fcr jeden Umzug bereit. Haben Sie eine Frage zum Thema Umzug oder m\u00f6chten Sie mehr dar\u00fcber erfahren, wie wir\u00a0Ihnen bei\u00a0Ihrem Umzugsprojekt helfen k\u00f6nnen? F\u00fcllen Sie einfach folgendes Formular aus, wir werden dann so schnell es geht\u00a0auf Sie &hellip; <a href=\"https:\/\/www.viennaumzug.at\/umzug\/anfrageumzug\/\">Weiter<\/a><\/p>\n","protected":false},"author":2,"featured_media":0,"parent":0,"menu_order":0,"comment_status":"closed","ping_status":"closed","template":"page-contact.php","meta":{"kt_blocks_editor_width":""},"featured_image_urls":{"full":"","thumbnail":"","medium":"","medium_large":"","large":"","1536x1536":"","2048x2048":"","widget-thumb":""},"post_excerpt_stackable":"<p>\u00a0 Wir stehen f\u00fcr jeden Umzug bereit. Haben Sie eine Frage zum Thema Umzug oder m\u00f6chten Sie mehr dar\u00fcber erfahren, wie wir\u00a0Ihnen bei\u00a0Ihrem Umzugsprojekt helfen k\u00f6nnen? F\u00fcllen Sie einfach folgendes Formular aus, wir werden dann so schnell es geht\u00a0auf Sie zukommen. oder schreiben Sie uns eine E-Mail an office@viennaumzug.at\u00a0 Formular bitte vollst\u00e4ndig ausf\u00fcllen Ihr Name (Pflichtfeld) Ihre E-Mail-Adresse (Pflichtfeld) Ihr Telefonnummer (Pflichtfeld) Betreff Ihre Nachricht Impressum Preise Verpackung 5 StarsbyRainer Sigl5 StarsbyMartin Schreiter5 StarsbyLisa Hofst\u00e4tter5 StarsbyNina Borufka5 StarsbyMaja Soronda<\/p>\n","category_list":"","author_info":{"name":"ViennaUmzug","url":"https:\/\/www.viennaumzug.at\/umzug\/author\/viennaumzug\/"},"comments_num":"0 comments","featured_image_urls_v2":{"full":"","thumbnail":"","medium":"","medium_large":"","large":"","1536x1536":"","2048x2048":"","widget-thumb":""},"post_excerpt_stackable_v2":"<p>\u00a0 Wir stehen f\u00fcr jeden Umzug bereit. Haben Sie eine Frage zum Thema Umzug oder m\u00f6chten Sie mehr dar\u00fcber erfahren, wie wir\u00a0Ihnen bei\u00a0Ihrem Umzugsprojekt helfen k\u00f6nnen? F\u00fcllen Sie einfach folgendes Formular aus, wir werden dann so schnell es geht\u00a0auf Sie zukommen. oder schreiben Sie uns eine E-Mail an office@viennaumzug.at\u00a0 Formular bitte vollst\u00e4ndig ausf\u00fcllen Ihr Name (Pflichtfeld) Ihre E-Mail-Adresse (Pflichtfeld) Ihr Telefonnummer (Pflichtfeld) Betreff Ihre Nachricht Impressum Preise Verpackung 5 StarsbyRainer Sigl5 StarsbyMartin Schreiter5 StarsbyLisa Hofst\u00e4tter5 StarsbyNina Borufka5 StarsbyMaja Soronda<\/p>\n","category_list_v2":"","author_info_v2":{"name":"ViennaUmzug","url":"https:\/\/www.viennaumzug.at\/umzug\/author\/viennaumzug\/"},"comments_num_v2":"0 comments","amp_enabled":true,"_links":{"self":[{"href":"https:\/\/www.viennaumzug.at\/umzug\/wp-json\/wp\/v2\/pages\/8"}],"collection":[{"href":"https:\/\/www.viennaumzug.at\/umzug\/wp-json\/wp\/v2\/pages"}],"about":[{"href":"https:\/\/www.viennaumzug.at\/umzug\/wp-json\/wp\/v2\/types\/page"}],"author":[{"embeddable":true,"href":"https:\/\/www.viennaumzug.at\/umzug\/wp-json\/wp\/v2\/users\/2"}],"replies":[{"embeddable":true,"href":"https:\/\/www.viennaumzug.at\/umzug\/wp-json\/wp\/v2\/comments?post=8"}],"version-history":[{"count":32,"href":"https:\/\/www.viennaumzug.at\/umzug\/wp-json\/wp\/v2\/pages\/8\/revisions"}],"predecessor-version":[{"id":2367,"href":"https:\/\/www.viennaumzug.at\/umzug\/wp-json\/wp\/v2\/pages\/8\/revisions\/2367"}],"wp:attachment":[{"href":"https:\/\/www.viennaumzug.at\/umzug\/wp-json\/wp\/v2\/media?parent=8"}],"curies":[{"name":"wp","href":"https:\/\/api.w.org\/{rel}","templated":true}]}}