{"id":861,"date":"2019-02-10T20:31:17","date_gmt":"2019-02-10T19:31:17","guid":{"rendered":"http:\/\/www.viennaumzug.at\/umzug\/?page_id=861"},"modified":"2020-05-06T16:49:15","modified_gmt":"2020-05-06T14:49:15","slug":"umzug-agb","status":"publish","type":"page","link":"https:\/\/www.viennaumzug.at\/umzug\/umzug-agb\/","title":{"rendered":"AGB"},"content":{"rendered":"\n<h2 id=\"kt-adv-heading_59ce23-4e\" class=\"kt-adv-heading_59ce23-4e wp-block-kadence-advancedheading\">AGB<\/h2>\n\n\n\n<div>\n<div class=\"alert alert-success\"><span style=\"color: #000000;\"><strong>1. Allgemeine :<\/strong><\/span><\/div>\n<p>\u00a0<\/p>\n<p class=\"text-muted\"><span style=\"color: #333333;\">a) Die Bef\u00f6rderungsbedingungen f\u00fcr den M\u00f6beltransport gelten f\u00fcr den Transport im M\u00f6belauto (M\u00f6belanh\u00e4nger, Kofferwechselaufbau, Container, Lift-van) im Inland, sowie von und nach dem Ausland. Sie gelten f\u00fcr alle Verrichtungen und die damit zusammenh\u00e4ngenden Gesch\u00e4fte des Auftragnehmers, soweit ihnen nicht gesetzliche Vorschriften, insbesondere solche zum Schutz von Verbrauchern, entgegenstehen.<\/span><br \/><span style=\"color: #000000;\"><span style=\"color: #333333;\">b) Der Auftragnehmer hat seine Verpflichtungen mit der verkehrs\u00fcblichen Sorgfalt eines Kaufmannes aus<\/span>zuf\u00fchren.<\/span><\/p>\n<\/div>\n<div>\u00a0<\/div>\n<div class=\"alert alert-success\"><span style=\"color: #000000;\"><strong>2. Haftung :<\/strong><\/span><\/div>\n<p>\u00a0<\/p>\n<p class=\"text-muted\"><span style=\"color: #333333;\">a) Der Auftragnehmer haftet f\u00fcr den Verlust oder Besch\u00e4digung des Gutes, sofern der Verlust oder die Besch\u00e4digung aus seinem Verschulden w\u00e4hrend der dem Auftragnehmer obliegenden Behandlung oder Bef\u00f6rderung des Gutes eintritt.<\/span><br \/><span style=\"color: #333333;\">b) Der Auftragnehmer hat den Schaden unter Ausschluss der Haftung f\u00fcr etwaige Wertminderung in natura zu beseitigen, jedoch steht es ihm in jedem Fall frei, die Entsch\u00e4digung in Geld zu leisten. In jedem Fall ist die Haftung des Auftragnehmers mit 1090,09 Euro pro M\u00f6belmeter beschr\u00e4nkt.<\/span><\/p>\n<dl>\n<dt><span style=\"color: #333333;\">Die Haftung ist ausgeschlossen :<\/span><\/dt>\n<dd class=\"text-muted\"><br \/><span style=\"color: #333333;\">a) f\u00fcr den Inhalt von Beh\u00e4ltern aller Art, deren Ein- und Auspacken im Vertrag nicht \u00fcbernommen wurde.<\/span><br \/><span style=\"color: #333333;\">b) f\u00fcr den Inhalt von auf Veranlassung des Auftraggebers beladen stehen bleibenden M\u00f6belautos, sofern nichts Besonderes vereinbart ist;<\/span><br \/><span style=\"color: #333333;\">c) f\u00fcr Sch\u00e4den, die in Folge der nat\u00fcrlichen oder der mangelhaften Beschaffenheit des Gutes entstehen, wie z.B. Bruch oder Besch\u00e4digung von Marmorplatten, Glas, Porzellan, Spiegel, Gl\u00fchk\u00f6rpern, St\u00fcckrahmen, Beleuchtungsk\u00f6rpern, Lampenschirmen, \u00d6fen und mechanischen Werken, es sei denn, dem Auftragnehmer wird ein Verschulden nachgewiesen. Eine Versicherung gegen Sch\u00e4den an Marmor, Glas, Porzellan usw. kann abgeschlossen werden. Die Haftung ist ferner ausgeschlossen f\u00fcr Sch\u00e4den wie z.B. zu gro\u00dfe Belastung der M\u00f6bel, L\u00f6sen von Verleimungen, Rissig- oder Blindwerden der Politur, Oxydation, innerer Verderb, Lecken oder Auslaufen sowie Witterungseinfl\u00fcsse.<\/span><br \/><span style=\"color: #333333;\">d) 1. f\u00fcr Sch\u00e4den an Edelmetallen, Juwelen, Edelsteinen, Geld, Briefmarken, M\u00fcnzen, Wertpapieren jeder Art, Dokumenten und Urkunden;<\/span><br \/><span style=\"color: #333333;\">2. f\u00fcr Funktionssch\u00e4den an Elektroger\u00e4ten wie z.B.: Waschmaschinen, Rundfunk-, Fernseh-, EDV- oder anderen empfindlichen Ger\u00e4ten;<\/span><br \/><span style=\"color: #333333;\">3. f\u00fcr Sch\u00e4den an Pflanzen oder Tieren<\/span><br \/><span style=\"color: #333333;\">4. f\u00fcr Sch\u00e4den, die durch explosive, feuergef\u00e4hrliche, strahlende, selbstentz\u00fcndliche, giftige, \u00e4tzende Stoffe, durch \u00d6le, Fette sowie Tiere entstehen;<\/span><br \/><span style=\"color: #333333;\">e) f\u00fcr Besch\u00e4digung der G\u00fcter w\u00e4hrend des Be- und Entladens, Ab- und Aufseilens, wenn ihre Gr\u00f6\u00dfe oder Schwere den Raumverh\u00e4ltnissen an der Be- oder Entladestelle nicht entspricht, der Auftragnehmer den Auftraggeber oder Empf\u00e4nger vorher darauf hingewiesen, der Auftraggeber aber auf Durchf\u00fchrung der Leistung bestanden hat.<\/span><\/dd>\n<\/dl>\n<dl>\n<dt><span style=\"color: #333333;\">Die Haftung ist weiteres ausgeschlossen :<\/span><\/dt>\n<dd class=\"text-muted\"><br \/><span style=\"color: #333333;\">a) f\u00fcr Besch\u00e4digung der W\u00e4nde, Fenster, B\u00f6den und Stiegengel\u00e4nder, wenn die Gr\u00f6\u00dfe und Schwere der zu transportierenden G\u00fcter dem Raumverh\u00e4ltnis nicht entsprechen;<\/span><br \/><span style=\"color: #333333;\">b) f\u00fcr Verz\u00f6gerungen, Sch\u00e4den und Verluste, die durch nicht rechtzeitige Gestellung der Transportmittel (Eisenbahn, Schiff) hervorgerufen sind, oder die sich aus unverschuldeten Verkehrszwischenf\u00e4llen ergeben (z.B. Autopannen, Wegeverh\u00e4ltnisse)<\/span><br \/><span style=\"color: #333333;\">c) f\u00fcr Einhaltung festgesetzter Termine bei versp\u00e4tetem Eingang amtlicher Urkunden sowie Ausk\u00fcnfte \u00fcber Zollbehandlung, Ausfuhrbestimmungen und sonstige gesetzliche Vorschriften.<\/span><br \/><span style=\"color: #333333;\">a) Die Haftung erlischt, wenn \u00e4u\u00dferlich erkennbare M\u00e4ngel nicht sofort bei Ablieferung, \u00e4u\u00dferlich nicht erkennbare M\u00e4ngel nicht sp\u00e4testens am sechsten Tag nach Ablieferung dem Auftragnehmer schriftlich zur Kenntnis gebracht werden.<\/span><br \/><span style=\"color: #333333;\">b) Hat der Auftragnehmer aufgrund des Vertrages f\u00fcr Verlust des Gutes Ersatz zu leisten, so ist der gemeine Wert zu ersetzen, welcher ein Gut derselben Art und Beschaffenheit am Orte der Ablieferung zu dem Zeitpunkt hatte, in welchem die Ablieferung zu bewirken war; hievon kommt in Abzug, was infolge des Verlustes an Z\u00f6llen und sonstigen Kosten, sowie an Fracht erspart ist. c) Im Falle der Besch\u00e4digung richtet sich die Entsch\u00e4digung nach dem Unterschied zwischen dem Verkaufswert des Gutes in besch\u00e4digtem Zustand und dem gemeinen Wert, welchen das Gut ohne die Besch\u00e4digung am Ort und zur Zeit der Ablieferung gehabt haben w\u00fcrde; hievon kommt in Abzug, was infolge der Besch\u00e4digung an Z\u00f6llen und sonstigen Kosten erspart ist. d) F\u00fcr Sch\u00e4den infolge versp\u00e4teter Ablieferung ist die Haftung des Auftragnehmers in jedem Falle mit 109,1 Euro pro Tag, h\u00f6chstens jedoch mit 1090,09 Euro zu beschr\u00e4nken. e) Der Auftragnehmer haftet nicht f\u00fcr Sch\u00e4den, die als Folge des Verlustes oder der Besch\u00e4digung des Gutes eintreten. F\u00fcr Verluste und Sch\u00e4den, die w\u00e4hrend des Transportes auf der Eisenbahn, mit dem Schiff oder mit dem Flugzeug entstehen, erf\u00fcllt der Auftragnehmer seine Verpflichtung durch Abtretung seines Anspruches gegen die Eisenbahn, die Schifffahrts- oder Luftfahrtgesellschaft. a) Der Auftragnehmer ist verpflichtet, die Sch\u00e4den, die dem Auftraggeber durch den Auftragnehmer bei der Ausf\u00fchrung des Auftrages erwachsen k\u00f6nnen, gem\u00e4\u00df dem angef\u00fchrten M\u00f6bel-Speditionsversicherungsschein (M\u00f6bel-SVS), (Anlage A) zu versichern und die Pr\u00e4mie zu verrechnen. Die Versicherung soll bei denjenigen Versicherern gedeckt werden, die vom Fachverband der Spediteure beauftragt sind. b) Der Auftraggeber unterwirft sich, sowie alle Personen in deren Interesse oder f\u00fcr deren Rechnung er handelt, allen Bedingungen des M\u00f6bel-SVS. c) 1. Ist durch den Abschluss des M\u00f6bel-SVS die M\u00f6belSpeditionsversicherung gedeckt, so ist der Auftragnehmer von der Haftung f\u00fcr jeden durch diese Versicherung gedeckten Schaden frei. Dies gilt insbesondere auch f\u00fcr den Fall, dass infolge fehlender oder ungen\u00fcgender Wertangaben des Auftraggebers die Versicherungssumme hinter dem wirklichen Wert oder Schadensbetrag zur\u00fcckbleibt. 2. Hat der Auftragnehmer die M\u00f6bel-Speditionsversicherung nicht gem\u00e4\u00df den Bedingungen des angef\u00fcgten M\u00f6bel-SVS oder nicht bei den in lit. a) bezeichneten Versicherern gedeckt, so darf er sich dem Auftraggeber gegen\u00fcber auf die Bef\u00f6rderungsbedingungen f\u00fcr den M\u00f6beltransport nicht berufen.<\/span><\/dd>\n<\/dl>\n<dl>\n<dt><span style=\"color: #333333;\">Der Auftraggeber haftet :<\/span><\/dt>\n<dd class=\"text-muted\"><br \/><span style=\"color: #333333;\">a) a) f\u00fcr die Echtheit, Richtigkeit und Vollst\u00e4ndigkeit der \u00fcbergebenen Belege;<\/span><br \/><span style=\"color: #333333;\">b) f\u00fcr Verluste und Besch\u00e4digungen der Transportmittel, Zubeh\u00f6rteile und Packmittel, soweit diese durch ihn oder durch von ihm gestellte Hilfskr\u00e4fte zu verantworten sind;<\/span><br \/><span style=\"color: #333333;\">c) f\u00fcr das M\u00f6belauto einschlie\u00dflich des Auftragnehmers im Falle der Selbstbe- oder -entladung des Transportgutes;<\/span><br \/><span style=\"color: #333333;\">d) f\u00fcr die Folgen fehlerhafter Angaben \u00fcber Gewicht, Inhalt und Art des Transportgutes; eine Verpflichtung zur Nachpr\u00fcfung besteht f\u00fcr den Auftragnehmer nicht. Mangels ausdr\u00fccklicher schriftlicher Anweisung \u00fcbernimmt und deklariert der Auftragnehmer auf Gefahr des Auftraggebers den Transport als Umzugsgut im Sinne des M\u00f6beltransporttarifes<\/span><br \/><span style=\"color: #333333;\">e) f\u00fcr den Schaden, der durch den Transport der in \u00a7 3 lit. d) Abs. 4 bezeichneten Gegenst\u00e4nde entstehen;<\/span><br \/><span style=\"color: #333333;\">f) f\u00fcr alle Unkosten, die infolge einer nicht durch Verschulden des Auftragnehmers entstandenen Transportverz\u00f6gerung oder Behinderung erwachsen, wie z.B. Elementarereignisse, Krieg, beh\u00f6rdliche Ma\u00dfnahmen, Streik, Behinderung der Schifffahrt oder Eisenbahn usw.<\/span><\/dd>\n<\/dl>\n<div class=\"alert alert-success\"><span style=\"color: #000000;\"><strong>3. Transportversicherung :<\/strong><\/span><\/div>\n<div>\u00a0<\/div>\n<p>\u00a0<\/p>\n<p class=\"text-muted\"><span style=\"color: #333333;\">a) Zur Versicherung des Gutes ist der Auftragnehmer verpflichtet, sofern ein schriftlicher Auftrag dazu unter Angaben des Versicherungswertes und der zu deckenden Gefahren vorliegt.<\/span><br \/><span style=\"color: #333333;\">b) Die Transportversicherung erstreckt sich nur auf Transportmittelunfall, Feuergefahr, Diebstahl, Unf\u00e4lle durch h\u00f6here Gewalt und M\u00f6belbruch.<\/span><br \/><span style=\"color: #333333;\">c) Gegen Bruch von Glas, Porzellan usw. sowie gegen Kriegsrisiko, Pl\u00fcnderung und Aufruhr kann eine gesonderte Versicherung abgeschlossen werden.<\/span><br \/><span style=\"color: #333333;\">d) Anweisung \u00fcbernimmt und deklariert der Auftragnehmer durch Abtretung seines Anspruches gegen die Versicherungsgesellschaft. Versichert der Auftraggeber selbst, so ist jeder Schadensersatzanspruch aus den durch diese Versicherung gedeckten Gefahren gegen den Auftragnehmer ausgeschlossen, geht also nicht auf den Versicherer \u00fcber.<\/span><\/p>\n<div class=\"alert alert-success\"><span style=\"color: #000000;\"><strong>4. Preisberechnung :<\/strong><\/span><\/div>\n<div>\u00a0<\/div>\n<p>\u00a0<\/p>\n<p class=\"text-muted\"><span style=\"color: #333333;\">a) Die Kostenabrechnung erfolgt aufgrund der zur Zeit der Ausf\u00fchrung des Umzuges geltenden Tarifs\u00e4tze, Frachten- und Wechselkurse.<\/span><br \/><span style=\"color: #333333;\">b) Wenn sich zum Zeitpunkt des \u00fcberreichten Angebotes (Anlagen 1 und 2) bis zur Ausf\u00fchrung des Umzuges die Tarifs\u00e4tze, Frachten- und Wechselkurse vermindern oder erh\u00f6hen, so \u00e4ndern sich entsprechend die vereinbarten Transportkosten.<\/span><br \/><span style=\"color: #333333;\">Besonders zu bezahlen sind:<\/span><br \/><span style=\"color: #333333;\">a) Transporte mit Klavieren, Tresoren und anderen Schwerg\u00fctern;<\/span><br \/><span style=\"color: #333333;\">b) Mehraufwendungen bzw. Mehrleistungen im Interesse des Umzuges auch ohne besonderen Auftrag. Die Art der Ausf\u00fchrung steht lediglich in der Wahl des Auftragnehmers;<\/span><br \/><span style=\"color: #333333;\">c) Installations-, Dekorations-, Tischler- und Reinigungsarbeiten;<\/span><br \/><span style=\"color: #333333;\">d) Mehraufwendungen durch Witterungsverh\u00e4ltnisse oder falls in gesperrten oder aufgerissenen Stra\u00dfen das M\u00f6belauto nicht vor das Haus gefahren werden kann, desgleichen f\u00fcr Wartezeiten des M\u00f6belautos und des Personals, das der Auftragnehmer nicht verschuldet hat, ferner angemessene Zuschl\u00e4ge f\u00fcr das Tragen der G\u00fcter auf weiten oder ungew\u00f6hnlichen Wegen, soweit nicht bei der Preisvereinbarung eine ausdr\u00fcckliche Ber\u00fccksichtigung dieser Umst\u00e4nde stattgefunden hat, sowie Mehrkosten, die durch Umwege entstehen, falls die direkten Wege gesperrt oder nicht benutzbar sind; amtliche Geb\u00fchren und Zollspesen, sowie allf\u00e4llige \u00d6ffentliche Abgaben.<\/span><\/p>\n<div class=\"alert alert-success\"><span style=\"color: #000000;\"><strong>5. Pflichten des Auftraggebers :<\/strong><\/span><\/div>\n<div>\u00a0<\/div>\n<p>\u00a0<\/p>\n<p class=\"text-muted\"><span style=\"color: #333333;\">a) Die Besonderung aller f\u00fcr die Durchf\u00fchrung des Transportes erforderlichen Dokumente und Bewilligungen obliegt dem Auftraggeber.<\/span><br \/><span style=\"color: #333333;\">b) Kann die Entladung des M\u00f6belautos nicht sofort nach dem Eintreffen am Bestimmungsort erfolgen, kann der Auftragnehmer Ersatz aller aus der verz\u00f6gerten Annahme entstehenden Unkosten und Sch\u00e4den verlangen und auf Kosten des Auftraggebers das Gut entladen und einlagern.<\/span><br \/><span style=\"color: #333333;\">c) Bei Abholung des Gutes ist der Auftraggeber verpflichtet nachzupr\u00fcfen, dass kein Gegenstand oder keine Einrichtung irrt\u00fcmlich mitgenommen oder stehengelassen wird. Bei Transporten, die bis oder ab Station oder Flughafen vereinbart wurden, hat der Auftraggeber sowohl den beladenen als auch den leeren Kofferwechselaufbau, Container oder Luft-van samt dem zugeh\u00f6rigen Inventar zu \u00fcbernehmen oder zu \u00fcbergeben. In diesem Fall obliegt ihm bei sonstiger Haftung die Wahrung der Rechte des Verkehrstr\u00e4gers, insbesondere durch Veranlassung eines gemeinsamen Schadensprotokolls.<\/span><br \/><span style=\"color: #333333;\">a) Der Rechnungsbetrag ist zu bezahlen:<\/span><br \/><span style=\"color: #333333;\">1. Bei Inlandstransporten vor Entladung;<\/span><br \/><span style=\"color: #333333;\">2. Bei Auslandstransporten vor Beladung. Der Auftragnehmer ist berechtigt, einen Vorschuss zu verlangen.<\/span><br \/><span style=\"color: #333333;\">b) Gegen\u00fcber Anspr\u00fcchen des Auftragnehmers ist eine Aufrechnung oder Zur\u00fcckbehaltung nur mit f\u00e4lligen Gegenanspr\u00fcchen des Auftraggebers zul\u00e4ssig, die der H\u00f6he nach feststehen und dem Grunde nach unbestritten sind. Wird in Verbindung mit einer \u00dcbersiedlung eine Einlagerung notwendig, so gelten hierf\u00fcr die vom Fachverband der Spediteure ver\u00f6ffentlichten Einlagerungsbedingungen. Erfolgt der Abtransport eingelagerter G\u00fcter nicht durch den Auftragnehmer, so ist dieser berechtigt, eine Entscheidung unter Zugrundelegung des M\u00f6beltransporttarifes des Fachverbandes der Spediteure zu treffen. Zur Abholung der dem Auftraggeber \u00fcberlassenen Packmaterialien muss dieser auffordern.<\/span><\/p>\n<div class=\"alert alert-success\"><span style=\"color: #000000;\"><strong>6. K\u00fcndigung des Vertrags :<\/strong><\/span><\/div>\n<div>\u00a0<\/div>\n<p>\u00a0<\/p>\n<p class=\"text-muted\"><span style=\"color: #333333;\">Die Vertragsk\u00fcndigung bedarf der Schriftform. Bei einer K\u00fcndigung ohne wichtigen Grund wird eine R\u00fccktrittszahlung von 30% des veranschlagten Entgelts erhoben. Ab 3 Tage vor Auftragstermin ist eine K\u00fcndigung nicht mehr m\u00f6glich. Es wird der Gesamtbruttopreis in Rechnung gestellt. Bei einem Auftrag auf Stundenbasis werden in diesen Fall ein normaler Arbeitstag (9 Stunden) berechnet (\u00fcber Preisliste \/ od. vereinbarende Pauschalpreis)<\/span><\/p>\n<div class=\"alert alert-success\"><span style=\"color: #000000;\"><strong>7. M\u00fcndliche Abrede :<\/strong><\/span><\/div>\n<div>\u00a0<\/div>\n<p>\u00a0<\/p>\n<p class=\"text-muted\"><span style=\"color: #333333;\">F\u00fcr die Ausf\u00fchrung m\u00fcndlich erteilter Auftr\u00e4ge, die von keiner Seite schriftlich best\u00e4tigt sind, tr\u00e4gt der Auftraggeber die Gefahr.<\/span><\/p>\n<div class=\"alert alert-success\"><span style=\"color: #000000;\"><strong>8. Verj\u00e4rung :<\/strong><\/span><\/div>\n<div>\u00a0<\/div>\n<p>\u00a0<\/p>\n<p class=\"text-muted\"><span style=\"color: #333333;\">Alle Anspr\u00fcche gegen den Auftragnehmer, gleichviel aus welchem Rechtsgrund, verj\u00e4hren in drei Monaten. Die Verj\u00e4hrung beginnt mit der Kenntnis des Berechtigten von dem Anspruch, sp\u00e4testens jedoch mit der Ablieferung des Gutes.<\/span><\/p>\n<div class=\"alert alert-success\"><span style=\"color: #000000;\"><strong>9. Gerichtsstand :<\/strong><\/span><\/div>\n<div>\u00a0<\/div>\n<p>\u00a0<\/p>\n<p class=\"text-muted\"><span style=\"color: #333333;\">Der Gerichtsstand f\u00fcr alle Beteiligten wird durch den Ort der Handelsniederlassung des Auftragnehmers bestimmt, mit dem das Gesch\u00e4ft abgeschlossen wurde. Ist jedoch der Auftraggeber ein Verbraucher im Sinne des Konsumentenschutzgesetzes, BGBI. Nr. 140\/1979 in der jeweils g\u00fcltigen Fassung und hat dieser im Inland seinen Wohnsitz oder seinen gew\u00f6hnlichen Aufenthalt, oder ist er im Inland besch\u00e4ftigt, so kann f\u00fcr eine Klage\/Gegenklage ihn nach den \u00a7\u00a7 88, 89, 93 Abs.2 und Abs.1 Jurisdiktionsnorm (JN) nur die Zust\u00e4ndigkeit eines Gerichtes begr\u00fcndet werden, in dessen Sprengel der Wohnsitz, der gew\u00f6hnliche Aufenthalt oder der Ort des Besch\u00e4ftigten liegt.<\/span><\/p>\n<div class=\"alert alert-success\"><span style=\"color: #000000;\"><strong>10. Sonstige Abmachungen :<\/strong><\/span><\/div>\n<div>\u00a0<\/div>\n<p>\u00a0<\/p>\n<p class=\"text-muted\"><span style=\"color: #333333;\">Sonstige Vereinbarungen bed\u00fcrfen f\u00fcr deren G\u00fcltigkeit der schriftlichen Form.<\/span><\/p>\n<div class=\"alert alert-success\"><span style=\"color: #000000;\"><strong>11. G\u00fcltigkeit :<\/strong><\/span><\/div>\n<div>\u00a0<\/div>\n<p>\u00a0<\/p>\n<p class=\"text-muted\"><span style=\"color: #333333;\">Sollten Punkte durch diese AGB nicht geregelt sein, gelten die Bestimmungen der Kammer der gewerblichen Wirtschaft, Sektion Spediteure, in der jeweils g\u00fcltigen Fassung.<\/span><\/p>\n\n\n\n<h3 class=\"has-black-color has-text-color\"><strong>Google Analytics<\/strong><\/h3>\n\n\n\n<div class=\"panel-heading\"><span style=\"font-size: 14px;\">Diese Website benutzt Google Analytics, einen Webanalysedienst der Google Inc. (\u201eGoogle\u201c). Google Analytics verwendet sog. \u201eCookies\u201c, Textdateien, die auf Ihrem Computer gespeichert werden und die eine Analyse der Benutzung der Website durch Sie erm\u00f6glichen. Die durch den Cookie erzeugten Informationen \u00fcber Ihre Benutzung dieser Website (einschlie\u00dflich Ihrer IP-Adresse) wird an einen Server von Google in den USA \u00fcbertragen und dort gespeichert. Google wird diese Informationen benutzen, um Ihre Nutzung der Website auszuwerten, um Reports \u00fcber die Websiteaktivit\u00e4ten f\u00fcr die Websitebetreiber zusammenzustellen und um weitere mit der Websitenutzung und der Internetnutzung verbundene Dienstleistungen zu erbringen. Auch wird Google diese Informationen gegebenenfalls an Dritte \u00fcbertragen, sofern dies gesetzlich vorgeschrieben oder soweit Dritte diese Daten im Auftrag von Google verarbeiten. Google wird in keinem Fall Ihre IP-Adresse mit anderen Daten von Google in Verbindung bringen. Sie k\u00f6nnen die Installation der Cookies durch eine entsprechende Einstellung Ihrer Browser Software verhindern; wir weisen Sie jedoch darauf hin, dass Sie in diesem Fall gegebenenfalls nicht s\u00e4mtliche Funktionen dieser Website vollumf\u00e4nglich nutzen k\u00f6nnen. Durch die Nutzung dieser Website erkl\u00e4ren Sie sich mit der Bearbeitung der \u00fcber Sie erhobenen Daten durch Google in der zuvor beschriebenen Art und Weise und zu dem zuvor benannten Zweck einverstanden.<\/span><\/div>\n","protected":false},"excerpt":{"rendered":"<p>AGB 1. Allgemeine : \u00a0 a) Die Bef\u00f6rderungsbedingungen f\u00fcr den M\u00f6beltransport gelten f\u00fcr den Transport im M\u00f6belauto (M\u00f6belanh\u00e4nger, Kofferwechselaufbau, Container, Lift-van) im Inland, sowie von und nach dem Ausland. Sie gelten f\u00fcr alle Verrichtungen und die damit zusammenh\u00e4ngenden Gesch\u00e4fte des &hellip; <a href=\"https:\/\/www.viennaumzug.at\/umzug\/umzug-agb\/\">Weiter<\/a><\/p>\n","protected":false},"author":2,"featured_media":0,"parent":0,"menu_order":0,"comment_status":"closed","ping_status":"closed","template":"","meta":{"kt_blocks_editor_width":""},"featured_image_urls":{"full":"","thumbnail":"","medium":"","medium_large":"","large":"","1536x1536":"","2048x2048":"","widget-thumb":""},"post_excerpt_stackable":"<p>AGB 1. Allgemeine : \u00a0 a) Die Bef\u00f6rderungsbedingungen f\u00fcr den M\u00f6beltransport gelten f\u00fcr den Transport im M\u00f6belauto (M\u00f6belanh\u00e4nger, Kofferwechselaufbau, Container, Lift-van) im Inland, sowie von und nach dem Ausland. Sie gelten f\u00fcr alle Verrichtungen und die damit zusammenh\u00e4ngenden Gesch\u00e4fte des Auftragnehmers, soweit ihnen nicht gesetzliche Vorschriften, insbesondere solche zum Schutz von Verbrauchern, entgegenstehen.b) Der Auftragnehmer hat seine Verpflichtungen mit der verkehrs\u00fcblichen Sorgfalt eines Kaufmannes auszuf\u00fchren. \u00a0 2. Haftung : \u00a0 a) Der Auftragnehmer haftet f\u00fcr den Verlust oder Besch\u00e4digung des Gutes, sofern der Verlust oder die Besch\u00e4digung aus seinem Verschulden w\u00e4hrend der dem Auftragnehmer obliegenden Behandlung oder Bef\u00f6rderung des Gutes&hellip;<\/p>\n","category_list":"","author_info":{"name":"ViennaUmzug","url":"https:\/\/www.viennaumzug.at\/umzug\/author\/viennaumzug\/"},"comments_num":"0 comments","featured_image_urls_v2":{"full":"","thumbnail":"","medium":"","medium_large":"","large":"","1536x1536":"","2048x2048":"","widget-thumb":""},"post_excerpt_stackable_v2":"<p>AGB 1. Allgemeine : \u00a0 a) Die Bef\u00f6rderungsbedingungen f\u00fcr den M\u00f6beltransport gelten f\u00fcr den Transport im M\u00f6belauto (M\u00f6belanh\u00e4nger, Kofferwechselaufbau, Container, Lift-van) im Inland, sowie von und nach dem Ausland. Sie gelten f\u00fcr alle Verrichtungen und die damit zusammenh\u00e4ngenden Gesch\u00e4fte des Auftragnehmers, soweit ihnen nicht gesetzliche Vorschriften, insbesondere solche zum Schutz von Verbrauchern, entgegenstehen.b) Der Auftragnehmer hat seine Verpflichtungen mit der verkehrs\u00fcblichen Sorgfalt eines Kaufmannes auszuf\u00fchren. \u00a0 2. Haftung : \u00a0 a) Der Auftragnehmer haftet f\u00fcr den Verlust oder Besch\u00e4digung des Gutes, sofern der Verlust oder die Besch\u00e4digung aus seinem Verschulden w\u00e4hrend der dem Auftragnehmer obliegenden Behandlung oder Bef\u00f6rderung des Gutes&hellip;<\/p>\n","category_list_v2":"","author_info_v2":{"name":"ViennaUmzug","url":"https:\/\/www.viennaumzug.at\/umzug\/author\/viennaumzug\/"},"comments_num_v2":"0 comments","amp_enabled":true,"_links":{"self":[{"href":"https:\/\/www.viennaumzug.at\/umzug\/wp-json\/wp\/v2\/pages\/861"}],"collection":[{"href":"https:\/\/www.viennaumzug.at\/umzug\/wp-json\/wp\/v2\/pages"}],"about":[{"href":"https:\/\/www.viennaumzug.at\/umzug\/wp-json\/wp\/v2\/types\/page"}],"author":[{"embeddable":true,"href":"https:\/\/www.viennaumzug.at\/umzug\/wp-json\/wp\/v2\/users\/2"}],"replies":[{"embeddable":true,"href":"https:\/\/www.viennaumzug.at\/umzug\/wp-json\/wp\/v2\/comments?post=861"}],"version-history":[{"count":9,"href":"https:\/\/www.viennaumzug.at\/umzug\/wp-json\/wp\/v2\/pages\/861\/revisions"}],"predecessor-version":[{"id":2050,"href":"https:\/\/www.viennaumzug.at\/umzug\/wp-json\/wp\/v2\/pages\/861\/revisions\/2050"}],"wp:attachment":[{"href":"https:\/\/www.viennaumzug.at\/umzug\/wp-json\/wp\/v2\/media?parent=861"}],"curies":[{"name":"wp","href":"https:\/\/api.w.org\/{rel}","templated":true}]}}